{"id":3262,"date":"2015-05-25T18:22:51","date_gmt":"2015-05-25T16:22:51","guid":{"rendered":"http:\/\/www.123przeprowadzki.pl\/?page_id=3262"},"modified":"2015-06-21T22:45:47","modified_gmt":"2015-06-21T20:45:47","slug":"removals-in-poznan","status":"publish","type":"page","link":"https:\/\/www.123przeprowadzki.pl\/en\/removals-in-poznan","title":{"rendered":"Removals in Poznan"},"content":{"rendered":"<p>[vc_row section=&#8221;yes&#8221; sectionwidth=&#8221;centered&#8221; paddingtop=&#8221;120px&#8221; paddingbottom=&#8221;90px&#8221; backgroundimage=&#8221;2543&#8243; backgroundrepeat=&#8221;no-repeat&#8221; backgroundposition=&#8221;center center&#8221; backgroundattachment=&#8221;scroll&#8221; backgroundsize=&#8221;cover&#8221; textcolor=&#8221;default&#8221; parallax=&#8221;no&#8221; parallax_speed=&#8221;1&#8243; visibility=&#8221;mt-visible-all&#8221;][vc_column width=&#8221;1\/3&#8243;]<div class=\"service-wrapper service-icon-box clearfix\"><div class=\"service yes-margin \"><div class=\"service-icon\"><i class=\"fa fa-asterisk\"><\/i><\/div><h4>Removals in Pozna\u0144<\/h4>123Przeprowadzki provides comprehensive moving services in Poznan and its neighbouring communities. We guarantee safety and professional approach.<\/div><\/div>[\/vc_column][vc_column width=&#8221;1\/3&#8243;][\/vc_column][vc_column width=&#8221;1\/3&#8243;]<div class=\"service-wrapper service-icon-box clearfix\"><div class=\"service yes-margin \"><div class=\"service-icon\"><i class=\"fa fa-home\"><\/i><\/div><h4>Quality in best price<\/h4>We always carefully plan the moves so you can rest assured that no unexpected problems arise.<\/div><\/div>[\/vc_column][\/vc_row][vc_row section=&#8221;yes&#8221; sectionwidth=&#8221;centered&#8221; paddingtop=&#8221;30px&#8221; paddingbottom=&#8221;30px&#8221; backgroundrepeat=&#8221;repeat&#8221; backgroundposition=&#8221;left top&#8221; backgroundattachment=&#8221;scroll&#8221; backgroundsize=&#8221;auto&#8221; textcolor=&#8221;default&#8221; parallax=&#8221;no&#8221; parallax_speed=&#8221;1&#8243; visibility=&#8221;mt-visible-all&#8221;][vc_column width=&#8221;1\/1&#8243;]<div class=\"line-header text-left\"><h1>Removals in Poznan<\/h1><span class=\"header-sep\"><\/span><\/div>[vc_row_inner][vc_column_inner width=&#8221;1\/2&#8243;]<div class=\"line-header text-left\"><h2>City of Poznan &#8211; Relocations<\/h2><span class=\"header-sep\"><\/span><\/div>[vc_column_text]\n<p style=\"text-align: justify;\"><strong>123Przeprowadzki<\/strong> provides moving services in Pozna\u0144, Suchy Las, Swarz\u0119dz, Prze\u017amierowo, Lubo\u0144 and neighboring towns and communities. You are guaranteed to be fully satisfied with our excellent service. We are not just professionals, but also apply very transparent fees.<\/p>\n<p style=\"text-align: justify;\">We move you in and around Pozna\u0144 with the help of a team of experienced professionals and a fleet of new, spacious vans. Your belongings are guaranteed to be packed and delivered safely and quickly to the new location.<\/p>\n<p style=\"text-align: justify;\">If you are looking for a moving company in Pozna\u0144, choosing 123Przeprowadzki is your best option. Since we started operating in 2008 we have moved literally thousands of apartments and houses in and near Pozna\u0144, all across Poland and in Europe. The satisfaction of our clients was the best way for us to know we have done a good job.<\/p>\n<p style=\"text-align: justify;\">We understand how important a move is in your life. This is why we make the extra effort to make sure that moving to the new place is quick and painless.<\/p>\n[\/vc_column_text][\/vc_column_inner][vc_column_inner width=&#8221;1\/2&#8243;]<div class=\"line-header text-left\"><h2>Are you moving to or from Poznan?<\/h2><span class=\"header-sep\"><\/span><\/div><img src=\"https:\/\/www.123przeprowadzki.pl\/wp-content\/uploads\/2014\/12\/przeprowadzki.jpg\" class=\" alignnone\" title=\"Removals in Poznan\" alt=\"Removals in Poznan\" data-anim-type=\"fadeIn\" \/>[\/vc_column_inner][\/vc_row_inner][\/vc_column][\/vc_row][vc_row][vc_column width=&#8221;1\/1&#8243; css=&#8221;.vc_custom_1419780880287{padding-right: 0px !important;padding-left: 0px !important;}&#8221;]<div class=\"mt_link mt_color_standard\"><a href=\"\/en\/contact\" target=\"_self\" style=\"padding-top: 40px; padding-bottom: 40px;\">Contact us \u2192<\/a><\/div>[\/vc_column][\/vc_row][vc_row section=&#8221;yes&#8221; sectionwidth=&#8221;centered&#8221; paddingtop=&#8221;30px&#8221; paddingbottom=&#8221;30px&#8221; backgroundrepeat=&#8221;repeat&#8221; backgroundposition=&#8221;left top&#8221; backgroundattachment=&#8221;scroll&#8221; backgroundsize=&#8221;auto&#8221; textcolor=&#8221;default&#8221; parallax=&#8221;no&#8221; parallax_speed=&#8221;1&#8243; visibility=&#8221;mt-visible-all&#8221;][vc_column width=&#8221;1\/1&#8243;]<div class=\"line-header text-left\"><h2>Our office in Poznan<\/h2><span class=\"header-sep\"><\/span><\/div>[vc_column_text]<strong>123Przeprowadzki<br \/>\nul. Strzeszy\u0144ska 100<\/strong><br \/>\n<strong> 60-479 Pozna\u0144<\/strong>[\/vc_column_text][\/vc_column][\/vc_row][vc_row][vc_column width=&#8221;1\/1&#8243;]<div id=\"map-canvas-3262-1\" class=\"googlemap\" style=\"width: 100%px; max-width:100%; height: 400px;\"><\/div>\n\t\t\t<script type=\"text\/javascript\">\n\t\t\t\tjQuery(document).ready(function($) {\n\t\t\t\t\t$(\"#map-canvas-3262-1\").goMap({\n\t\t\t\t\t\tmarkers: [{address: \"Strzeszy\u0144ska 100, 60-479 Pozna\u0144\",title: \"Strzeszy\u0144ska 100, 60-479 Pozna\u0144\",icon: \"https:\/\/www.123przeprowadzki.pl\/wp-content\/uploads\/2014\/07\/location.png\",},],\n\t\t\t\t\t\tzoom: 15,\n\t\t\t\t\t\ticon: \"https:\/\/www.123przeprowadzki.pl\/wp-content\/themes\/rebel\/images\/map-marker.png\",\n\t\t\t\t\t\tmaptype: \"ROADMAP\",\n\t\t\t\t\t\tscrollwheel: false,\n\t\t\t\t\t\thideByClick: true,\n\t\t\t\t\t\toneInfoWindow: false,\n\t\t\t\t\t});\n\t\t\t\t});\n\t\t\t<\/script>[\/vc_column][\/vc_row]<\/p>\n","protected":false},"excerpt":{"rendered":"<p>[vc_row section=&#8221;yes&#8221; sectionwidth=&#8221;centered&#8221; paddingtop=&#8221;120px&#8221; paddingbottom=&#8221;90px&#8221; backgroundimage=&#8221;2543&#8243; backgroundrepeat=&#8221;no-repeat&#8221; backgroundposition=&#8221;center center&#8221; backgroundattachment=&#8221;scroll&#8221; backgroundsize=&#8221;cover&#8221; textcolor=&#8221;default&#8221; parallax=&#8221;no&#8221; parallax_speed=&#8221;1&#8243; visibility=&#8221;mt-visible-all&#8221;][vc_column width=&#8221;1\/3&#8243;][\/vc_column][vc_column width=&#8221;1\/3&#8243;][\/vc_column][vc_column width=&#8221;1\/3&#8243;][\/vc_column][\/vc_row][vc_row section=&#8221;yes&#8221; sectionwidth=&#8221;centered&#8221; [&hellip;]<\/p>\n","protected":false},"author":6,"featured_media":0,"parent":0,"menu_order":0,"comment_status":"closed","ping_status":"closed","template":"template-sections.php","meta":[],"yoast_head":"<!-- This site is optimized with the Yoast SEO plugin v15.0 - https:\/\/yoast.com\/wordpress\/plugins\/seo\/ -->\n<title>Professional Relocations in Poznan \u2022 123Przeprowadzki \u2022<\/title>\n<meta name=\"description\" content=\"123Przeprowadzki offers professionall and safely relocations in Pozna\u0144 and in the neighborhood in the best prices.\" \/>\n<meta name=\"robots\" content=\"noindex, follow\" \/>\n<meta property=\"og:locale\" content=\"en_GB\" \/>\n<meta property=\"og:type\" content=\"article\" \/>\n<meta property=\"og:title\" content=\"Professional Relocations in Poznan \u2022 123Przeprowadzki \u2022\" \/>\n<meta property=\"og:description\" content=\"123Przeprowadzki offers professionall and safely relocations in Pozna\u0144 and in the neighborhood in the best prices.\" \/>\n<meta property=\"og:url\" content=\"https:\/\/www.123przeprowadzki.pl\/en\/removals-in-poznan\" \/>\n<meta property=\"og:site_name\" content=\"123Przeprowadzki\" \/>\n<meta property=\"article:publisher\" content=\"https:\/\/www.facebook.com\/123przeprowadzki\" \/>\n<meta property=\"article:modified_time\" content=\"2015-06-21T20:45:47+00:00\" \/>\n<script type=\"application\/ld+json\" class=\"yoast-schema-graph\">{\"@context\":\"https:\/\/schema.org\",\"@graph\":[{\"@type\":\"WebSite\",\"@id\":\"https:\/\/www.123przeprowadzki.pl\/en\/#website\",\"url\":\"https:\/\/www.123przeprowadzki.pl\/en\/\",\"name\":\"123Przeprowadzki\",\"description\":\"\",\"potentialAction\":[{\"@type\":\"SearchAction\",\"target\":\"https:\/\/www.123przeprowadzki.pl\/en\/?s={search_term_string}\",\"query-input\":\"required name=search_term_string\"}],\"inLanguage\":\"en-GB\"},{\"@type\":\"WebPage\",\"@id\":\"https:\/\/www.123przeprowadzki.pl\/en\/removals-in-poznan#webpage\",\"url\":\"https:\/\/www.123przeprowadzki.pl\/en\/removals-in-poznan\",\"name\":\"Professional Relocations in Poznan \\u2022 123Przeprowadzki \\u2022\",\"isPartOf\":{\"@id\":\"https:\/\/www.123przeprowadzki.pl\/en\/#website\"},\"datePublished\":\"2015-05-25T16:22:51+00:00\",\"dateModified\":\"2015-06-21T20:45:47+00:00\",\"description\":\"123Przeprowadzki offers professionall and safely relocations in Pozna\\u0144 and in the neighborhood in the best prices.\",\"inLanguage\":\"en-GB\",\"potentialAction\":[{\"@type\":\"ReadAction\",\"target\":[\"https:\/\/www.123przeprowadzki.pl\/en\/removals-in-poznan\"]}]}]}<\/script>\n<!-- \/ Yoast SEO plugin. -->","_links":{"self":[{"href":"https:\/\/www.123przeprowadzki.pl\/en\/wp-json\/wp\/v2\/pages\/3262"}],"collection":[{"href":"https:\/\/www.123przeprowadzki.pl\/en\/wp-json\/wp\/v2\/pages"}],"about":[{"href":"https:\/\/www.123przeprowadzki.pl\/en\/wp-json\/wp\/v2\/types\/page"}],"author":[{"embeddable":true,"href":"https:\/\/www.123przeprowadzki.pl\/en\/wp-json\/wp\/v2\/users\/6"}],"replies":[{"embeddable":true,"href":"https:\/\/www.123przeprowadzki.pl\/en\/wp-json\/wp\/v2\/comments?post=3262"}],"version-history":[{"count":3,"href":"https:\/\/www.123przeprowadzki.pl\/en\/wp-json\/wp\/v2\/pages\/3262\/revisions"}],"predecessor-version":[{"id":3265,"href":"https:\/\/www.123przeprowadzki.pl\/en\/wp-json\/wp\/v2\/pages\/3262\/revisions\/3265"}],"wp:attachment":[{"href":"https:\/\/www.123przeprowadzki.pl\/en\/wp-json\/wp\/v2\/media?parent=3262"}],"curies":[{"name":"wp","href":"https:\/\/api.w.org\/{rel}","templated":true}]}}