{"id":3334,"date":"2015-06-17T22:46:21","date_gmt":"2015-06-17T20:46:21","guid":{"rendered":"http:\/\/www.123przeprowadzki.pl\/?page_id=3334"},"modified":"2015-06-21T23:05:45","modified_gmt":"2015-06-21T21:05:45","slug":"transport","status":"publish","type":"page","link":"https:\/\/www.123przeprowadzki.pl\/de\/transport","title":{"rendered":"Transport"},"content":{"rendered":"<p>[vc_row section=&#8221;yes&#8221; sectionwidth=&#8221;centered&#8221; paddingtop=&#8221;120px&#8221; paddingbottom=&#8221;90px&#8221; backgroundrepeat=&#8221;no-repeat&#8221; backgroundposition=&#8221;center center&#8221; backgroundattachment=&#8221;scroll&#8221; backgroundsize=&#8221;cover&#8221; textcolor=&#8221;default&#8221; parallax=&#8221;no&#8221; parallax_speed=&#8221;1&#8243; visibility=&#8221;mt-visible-all&#8221; backgroundimage=&#8221;2720&#8243;][vc_column width=&#8221;1\/3&#8243;]<div class=\"service-wrapper service-icon-box clearfix\"><div class=\"service yes-margin \"><div class=\"service-icon\"><i class=\"fa fa-truck\"><\/i><\/div><h4>Transport<\/h4>Wir leisten verschiedene Transportdienstleistungen, die wir an Ihre individuelle Pr\u00e4ferenzen anpassen. Sie k\u00f6nnen sicher sein Ihre G\u00fcte sind in professionellen H\u00e4nden. Das alles garantieren &#8211; gut ausgestattete und betriebssichere Autos, als auch fachkompetenten Fahrer.<\/div><\/div>[\/vc_column][vc_column width=&#8221;1\/3&#8243;][\/vc_column][vc_column width=&#8221;1\/3&#8243;][\/vc_column][\/vc_row][vc_row section=&#8221;yes&#8221; sectionwidth=&#8221;centered&#8221; paddingtop=&#8221;30px&#8221; paddingbottom=&#8221;30px&#8221; backgroundrepeat=&#8221;repeat&#8221; backgroundposition=&#8221;left top&#8221; backgroundattachment=&#8221;scroll&#8221; backgroundsize=&#8221;auto&#8221; textcolor=&#8221;default&#8221; parallax=&#8221;no&#8221; parallax_speed=&#8221;1&#8243; visibility=&#8221;mt-visible-all&#8221;][vc_column width=&#8221;1\/1&#8243;]<div class=\"line-header text-left\"><h1>Transport<\/h1><span class=\"header-sep\"><\/span><\/div>[vc_row_inner][vc_column_inner width=&#8221;1\/2&#8243;]<div class=\"line-header text-left\"><h2>Transport mit 123Przeprowadzki<\/h2><span class=\"header-sep\"><\/span><\/div>[vc_column_text]\n<p style=\"text-align: justify;\">Wenn Sie nur Transport w\u00e4hlen, dann bieten wir Ihnen ein Auto mit dem Fahrer an. Individuell, nach Ihrem Bedarf, w\u00e4hlen Sie die Kapazit\u00e4t an. Unsere Fahrer helfen Ihnen w\u00e4hrend des Umzuges. Sie sind immer f\u00fcr Sie da. Sie beladen und sichern und entladen Ihre G\u00fcte.<\/p>\n<p>Transportdienstleistung ist eine gute L\u00f6sung, wenn Sie selbst oder mit Hilfe von Familie\/Bekannten umziehen wollen. Wir stellen das Auto zur Verf\u00fcgung. Sie k\u00fcmmern sich um Ihren Umzug d.h. Planung, Versicherung, Beladung und Entladung liegt Ihrerseits.<\/p>\n<p>Wir bieten nat\u00fcrlich komplexe und komfortable Dienstleistungen an.<\/p>\n[\/vc_column_text][\/vc_column_inner][vc_column_inner width=&#8221;1\/2&#8243;]<div class=\"line-header text-left\"><h2>Kostenlose Angebote<\/h2><span class=\"header-sep\"><\/span><\/div>[vc_column_text]Bitte f\u00fcllen Sie unseres Formular aus, um eine kostenlose und unverbindliche Umzugs-oder Transportpreiskalkulation zu bekommen.[\/vc_column_text]<div class=\"mt_link mt_color_standard\"><a href=\"\/de\/blitzanfrage\" target=\"_self\" style=\"padding-top: 40px; padding-bottom: 40px;\">Mein Kostenvoranschlag \u2192<\/a><\/div>[\/vc_column_inner][\/vc_row_inner][\/vc_column][\/vc_row][vc_row][vc_column width=&#8221;1\/1&#8243;]<div class=\"mt_link mt_color_standard\"><a href=\"\/de\/kontakt\" target=\"_self\" style=\"padding-top: 40px; padding-bottom: 40px;\">Kontaktieren Sie uns! \u2192<\/a><\/div>[\/vc_column][\/vc_row]<\/p>\n","protected":false},"excerpt":{"rendered":"<p>[vc_row section=&#8221;yes&#8221; sectionwidth=&#8221;centered&#8221; paddingtop=&#8221;120px&#8221; paddingbottom=&#8221;90px&#8221; backgroundrepeat=&#8221;no-repeat&#8221; backgroundposition=&#8221;center center&#8221; backgroundattachment=&#8221;scroll&#8221; backgroundsize=&#8221;cover&#8221; textcolor=&#8221;default&#8221; parallax=&#8221;no&#8221; parallax_speed=&#8221;1&#8243; visibility=&#8221;mt-visible-all&#8221; backgroundimage=&#8221;2720&#8243;][vc_column width=&#8221;1\/3&#8243;][\/vc_column][vc_column width=&#8221;1\/3&#8243;][\/vc_column][vc_column width=&#8221;1\/3&#8243;][\/vc_column][\/vc_row][vc_row section=&#8221;yes&#8221; sectionwidth=&#8221;centered&#8221; [&hellip;]<\/p>\n","protected":false},"author":6,"featured_media":0,"parent":0,"menu_order":0,"comment_status":"closed","ping_status":"closed","template":"template-sections.php","meta":[],"yoast_head":"<!-- This site is optimized with the Yoast SEO plugin v15.0 - https:\/\/yoast.com\/wordpress\/plugins\/seo\/ -->\n<title>Transportdienstleistungen \u2022 123Przeproawdzki<\/title>\n<meta name=\"description\" content=\"In unserem Angebot finden Sie auch Transportdienstleistungen. Wir bieten ein Auto mit dem qualifizierten F\u00e4hrer an.\" \/>\n<meta name=\"robots\" content=\"index, follow, max-snippet:-1, max-image-preview:large, max-video-preview:-1\" \/>\n<link rel=\"canonical\" href=\"https:\/\/www.123przeprowadzki.pl\/de\/transport\" \/>\n<meta property=\"og:locale\" content=\"de_DE\" \/>\n<meta property=\"og:type\" content=\"article\" \/>\n<meta property=\"og:title\" content=\"Transportdienstleistungen \u2022 123Przeproawdzki\" \/>\n<meta property=\"og:description\" content=\"In unserem Angebot finden Sie auch Transportdienstleistungen. Wir bieten ein Auto mit dem qualifizierten F\u00e4hrer an.\" \/>\n<meta property=\"og:url\" content=\"https:\/\/www.123przeprowadzki.pl\/de\/transport\" \/>\n<meta property=\"og:site_name\" content=\"123Przeprowadzki\" \/>\n<meta property=\"article:publisher\" content=\"https:\/\/www.facebook.com\/123przeprowadzki\" \/>\n<meta property=\"article:modified_time\" content=\"2015-06-21T21:05:45+00:00\" \/>\n<script type=\"application\/ld+json\" class=\"yoast-schema-graph\">{\"@context\":\"https:\/\/schema.org\",\"@graph\":[{\"@type\":\"WebSite\",\"@id\":\"https:\/\/www.123przeprowadzki.pl\/de\/#website\",\"url\":\"https:\/\/www.123przeprowadzki.pl\/de\/\",\"name\":\"123Przeprowadzki\",\"description\":\"\",\"potentialAction\":[{\"@type\":\"SearchAction\",\"target\":\"https:\/\/www.123przeprowadzki.pl\/de\/?s={search_term_string}\",\"query-input\":\"required name=search_term_string\"}],\"inLanguage\":\"de\"},{\"@type\":\"WebPage\",\"@id\":\"https:\/\/www.123przeprowadzki.pl\/de\/transport#webpage\",\"url\":\"https:\/\/www.123przeprowadzki.pl\/de\/transport\",\"name\":\"Transportdienstleistungen \\u2022 123Przeproawdzki\",\"isPartOf\":{\"@id\":\"https:\/\/www.123przeprowadzki.pl\/de\/#website\"},\"datePublished\":\"2015-06-17T20:46:21+00:00\",\"dateModified\":\"2015-06-21T21:05:45+00:00\",\"description\":\"In unserem Angebot finden Sie auch Transportdienstleistungen. Wir bieten ein Auto mit dem qualifizierten F\\u00e4hrer an.\",\"inLanguage\":\"de\",\"potentialAction\":[{\"@type\":\"ReadAction\",\"target\":[\"https:\/\/www.123przeprowadzki.pl\/de\/transport\"]}]}]}<\/script>\n<!-- \/ Yoast SEO plugin. -->","_links":{"self":[{"href":"https:\/\/www.123przeprowadzki.pl\/de\/wp-json\/wp\/v2\/pages\/3334"}],"collection":[{"href":"https:\/\/www.123przeprowadzki.pl\/de\/wp-json\/wp\/v2\/pages"}],"about":[{"href":"https:\/\/www.123przeprowadzki.pl\/de\/wp-json\/wp\/v2\/types\/page"}],"author":[{"embeddable":true,"href":"https:\/\/www.123przeprowadzki.pl\/de\/wp-json\/wp\/v2\/users\/6"}],"replies":[{"embeddable":true,"href":"https:\/\/www.123przeprowadzki.pl\/de\/wp-json\/wp\/v2\/comments?post=3334"}],"version-history":[{"count":5,"href":"https:\/\/www.123przeprowadzki.pl\/de\/wp-json\/wp\/v2\/pages\/3334\/revisions"}],"predecessor-version":[{"id":3339,"href":"https:\/\/www.123przeprowadzki.pl\/de\/wp-json\/wp\/v2\/pages\/3334\/revisions\/3339"}],"wp:attachment":[{"href":"https:\/\/www.123przeprowadzki.pl\/de\/wp-json\/wp\/v2\/media?parent=3334"}],"curies":[{"name":"wp","href":"https:\/\/api.w.org\/{rel}","templated":true}]}}