{"id":3327,"date":"2015-06-17T22:18:34","date_gmt":"2015-06-17T20:18:34","guid":{"rendered":"http:\/\/www.123przeprowadzki.pl\/?page_id=3327"},"modified":"2015-06-21T23:05:58","modified_gmt":"2015-06-21T21:05:58","slug":"umzuge-in-posen","status":"publish","type":"page","link":"https:\/\/www.123przeprowadzki.pl\/de\/umzuge-in-posen","title":{"rendered":"Umz\u00fcge in Posen"},"content":{"rendered":"<p>[vc_row section=&#8221;yes&#8221; sectionwidth=&#8221;centered&#8221; paddingtop=&#8221;120px&#8221; paddingbottom=&#8221;90px&#8221; backgroundimage=&#8221;2543&#8243; backgroundrepeat=&#8221;no-repeat&#8221; backgroundposition=&#8221;center center&#8221; backgroundattachment=&#8221;scroll&#8221; backgroundsize=&#8221;cover&#8221; textcolor=&#8221;default&#8221; parallax=&#8221;no&#8221; parallax_speed=&#8221;1&#8243; visibility=&#8221;mt-visible-all&#8221;][vc_column width=&#8221;1\/3&#8243;]<div class=\"service-wrapper service-icon-box clearfix\"><div class=\"service yes-margin \"><div class=\"service-icon\"><i class=\"fa fa-asterisk\"><\/i><\/div><h4>Umz\u00fcge in Posen<\/h4>123Przeprowadzki bietet Ihnen komplexe Umzugsdienstleistungen in Posen und in ganzen Gro\u00dfpolen an. Wir garantieren Ihnen Sicherheit und Professionalit\u00e4t.<\/div><\/div>[\/vc_column][vc_column width=&#8221;1\/3&#8243;][\/vc_column][vc_column width=&#8221;1\/3&#8243;]<div class=\"service-wrapper service-icon-box clearfix\"><div class=\"service yes-margin \"><div class=\"service-icon\"><i class=\"fa fa-home\"><\/i><\/div><h4>Professionalit\u00e4t f\u00fcr gute Preis<\/h4>Die von uns realisierten Umz\u00fcge sind immer gut geplant und mit Ihnen besprochen. Sie sind sicher, Ihr Umzug l\u00e4uft ohne Probleme und Stress ab.<\/div><\/div>[\/vc_column][\/vc_row][vc_row][vc_column][vc_column_text] [\/vc_column_text][\/vc_column][\/vc_row][vc_row section=&#8221;yes&#8221; sectionwidth=&#8221;centered&#8221; paddingtop=&#8221;30px&#8221; paddingbottom=&#8221;30px&#8221; backgroundrepeat=&#8221;repeat&#8221; backgroundposition=&#8221;left top&#8221; backgroundattachment=&#8221;scroll&#8221; backgroundsize=&#8221;auto&#8221; textcolor=&#8221;default&#8221; parallax=&#8221;no&#8221; parallax_speed=&#8221;1&#8243; visibility=&#8221;mt-visible-all&#8221;][vc_column width=&#8221;1\/1&#8243;]<div class=\"line-header text-left\"><h1>Umz\u00fcge in Posen<\/h1><span class=\"header-sep\"><\/span><\/div>[vc_row_inner][vc_column_inner width=&#8221;1\/2&#8243;]<div class=\"line-header text-left\"><h2>Umzugsdienstleistungen in Posen<\/h2><span class=\"header-sep\"><\/span><\/div>[vc_column_text]\n<p style=\"text-align: justify;\">Firma <strong>123Przeprowadzki<\/strong> bietet professionelle Umzugsdienstleistungen in Posen, Suchy Las, Swarz\u0119dz, Przezmierowo, Lubo\u0144 und in anderen umliegenden Gemeinden und St\u00e4dte an. Die von uns durchgef\u00fchrten Umz\u00fcge geben Ihnen Qualit\u00e4tsgarantie und Zufriedenheitssicherung. Sie bekommen von uns beste Qualit\u00e4t, fachkompetente Umzugsservice und durchschaubaren Kostenvoranschlag.<\/p>\n<p style=\"text-align: justify;\">Umz\u00fcge in Posen werden von erfahreneren Facharbeitern realisiert, die \u00fcber von verschiedenen Umzugsarten erfahren sind. 123Przeprowadzki stellt sowohl die Umzugskartons, Packmittel als auch einen neuen Fuhrpark zur Verf\u00fcgung. Ihre G\u00fcte werden gut gesichert, gescheit gepackt und schnell wie m\u00f6glich geliefert.<\/p>\n[\/vc_column_text]<div class=\"line-header text-left\"><h2>Mit uns in Posen umziehen<\/h2><span class=\"header-sep\"><\/span><\/div>[vc_column_text]\n<p style=\"text-align: justify;\">Wenn Sie ein sicheres und bew\u00e4hrtes Umzugsunternehmen in Posen suchen, dann ist 123Przeprowadzki f\u00fcr Sie da. Seit dem Anfang unseres Gesch\u00e4fts im Jahr 2008 haben wir eine mehrere Wohnungen und H\u00e4usern in Posen, Gro\u00dfpolen, Polen und europaweit umgezogen. Zufriedenheit unseren Kunden ist f\u00fcr uns die beste Referenz.<\/p>\n<p style=\"text-align: justify;\">Uns ist bewusst, wie wichtig und stressig jede \u00c4nderung ist, deswegen ist es uns sehr wichtig, Ihr Umzug l\u00e4uft schnell und problemlos ab.<\/p>\n[\/vc_column_text][\/vc_column_inner][vc_column_inner width=&#8221;1\/2&#8243;]<div class=\"line-header text-left\"><h2>Umzug in Posen<\/h2><span class=\"header-sep\"><\/span><\/div><img src=\"https:\/\/www.123przeprowadzki.pl\/wp-content\/uploads\/2014\/12\/przeprowadzki.jpg\" class=\" alignnone\" title=\"Umz\u00fcge in Posen\" alt=\"Umz\u00fcge in Posen\" data-anim-type=\"fadeIn\" \/>[\/vc_column_inner][\/vc_row_inner][\/vc_column][\/vc_row][vc_row][vc_column width=&#8221;1\/1&#8243; css=&#8221;.vc_custom_1419780880287{padding-right: 0px !important;padding-left: 0px !important;}&#8221;]<div class=\"mt_link mt_color_standard\"><a href=\"\/de\/kontakt\" target=\"_self\" style=\"padding-top: 40px; padding-bottom: 40px;\">Kontaktieren Sie uns! \u2192<\/a><\/div>[\/vc_column][\/vc_row][vc_row section=&#8221;yes&#8221; sectionwidth=&#8221;centered&#8221; paddingtop=&#8221;30px&#8221; paddingbottom=&#8221;30px&#8221; backgroundrepeat=&#8221;repeat&#8221; backgroundposition=&#8221;left top&#8221; backgroundattachment=&#8221;scroll&#8221; backgroundsize=&#8221;auto&#8221; textcolor=&#8221;default&#8221; parallax=&#8221;no&#8221; parallax_speed=&#8221;1&#8243; visibility=&#8221;mt-visible-all&#8221;][vc_column width=&#8221;1\/1&#8243;]<div class=\"line-header text-left\"><h2>Unsere B\u00fcro in Posen<\/h2><span class=\"header-sep\"><\/span><\/div>[vc_column_text]<strong>123Przeprowadzki ul. Strzeszy\u0144ska 100<\/strong> <strong> 60-479 Pozna\u0144<\/strong>[\/vc_column_text][\/vc_column][\/vc_row][vc_row][vc_column width=&#8221;1\/1&#8243;]<div id=\"map-canvas-3327-1\" class=\"googlemap\" style=\"width: 100%px; max-width:100%; height: 400px;\"><\/div>\n\t\t\t<script type=\"text\/javascript\">\n\t\t\t\tjQuery(document).ready(function($) {\n\t\t\t\t\t$(\"#map-canvas-3327-1\").goMap({\n\t\t\t\t\t\tmarkers: [{address: \"Strzeszy\u0144ska 100, 60-479 Pozna\u0144\",title: \"Strzeszy\u0144ska 100, 60-479 Pozna\u0144\",icon: \"https:\/\/www.123przeprowadzki.pl\/wp-content\/uploads\/2014\/07\/location.png\",},],\n\t\t\t\t\t\tzoom: 15,\n\t\t\t\t\t\ticon: \"https:\/\/www.123przeprowadzki.pl\/wp-content\/themes\/rebel\/images\/map-marker.png\",\n\t\t\t\t\t\tmaptype: \"ROADMAP\",\n\t\t\t\t\t\tscrollwheel: false,\n\t\t\t\t\t\thideByClick: true,\n\t\t\t\t\t\toneInfoWindow: false,\n\t\t\t\t\t});\n\t\t\t\t});\n\t\t\t<\/script>[\/vc_column][\/vc_row]<\/p>\n","protected":false},"excerpt":{"rendered":"<p>[vc_row section=&#8221;yes&#8221; sectionwidth=&#8221;centered&#8221; paddingtop=&#8221;120px&#8221; paddingbottom=&#8221;90px&#8221; backgroundimage=&#8221;2543&#8243; backgroundrepeat=&#8221;no-repeat&#8221; backgroundposition=&#8221;center center&#8221; backgroundattachment=&#8221;scroll&#8221; backgroundsize=&#8221;cover&#8221; textcolor=&#8221;default&#8221; parallax=&#8221;no&#8221; parallax_speed=&#8221;1&#8243; visibility=&#8221;mt-visible-all&#8221;][vc_column width=&#8221;1\/3&#8243;][\/vc_column][vc_column width=&#8221;1\/3&#8243;][\/vc_column][vc_column width=&#8221;1\/3&#8243;][\/vc_column][\/vc_row][vc_row][vc_column][vc_column_text] [\/vc_column_text][\/vc_column][\/vc_row][vc_row section=&#8221;yes&#8221; [&hellip;]<\/p>\n","protected":false},"author":6,"featured_media":0,"parent":0,"menu_order":0,"comment_status":"closed","ping_status":"closed","template":"template-sections.php","meta":[],"yoast_head":"<!-- This site is optimized with the Yoast SEO plugin v15.0 - https:\/\/yoast.com\/wordpress\/plugins\/seo\/ -->\n<title>Professionelle Umz\u00fcge in Posen \u2022 123Przeprowadzki \u2022<\/title>\n<meta name=\"description\" content=\"123Przeprowadzki bietet profesionelle und sichere Umzuge in Posen und im Umkreis von Posen, preisg\u00fcnstig.\" \/>\n<meta name=\"robots\" content=\"noindex, follow\" \/>\n<meta property=\"og:locale\" content=\"de_DE\" \/>\n<meta property=\"og:type\" content=\"article\" \/>\n<meta property=\"og:title\" content=\"Professionelle Umz\u00fcge in Posen \u2022 123Przeprowadzki \u2022\" \/>\n<meta property=\"og:description\" content=\"123Przeprowadzki bietet profesionelle und sichere Umzuge in Posen und im Umkreis von Posen, preisg\u00fcnstig.\" \/>\n<meta property=\"og:url\" content=\"https:\/\/www.123przeprowadzki.pl\/de\/umzuge-in-posen\" \/>\n<meta property=\"og:site_name\" content=\"123Przeprowadzki\" \/>\n<meta property=\"article:publisher\" content=\"https:\/\/www.facebook.com\/123przeprowadzki\" \/>\n<meta property=\"article:modified_time\" content=\"2015-06-21T21:05:58+00:00\" \/>\n<script type=\"application\/ld+json\" class=\"yoast-schema-graph\">{\"@context\":\"https:\/\/schema.org\",\"@graph\":[{\"@type\":\"WebSite\",\"@id\":\"https:\/\/www.123przeprowadzki.pl\/de\/#website\",\"url\":\"https:\/\/www.123przeprowadzki.pl\/de\/\",\"name\":\"123Przeprowadzki\",\"description\":\"\",\"potentialAction\":[{\"@type\":\"SearchAction\",\"target\":\"https:\/\/www.123przeprowadzki.pl\/de\/?s={search_term_string}\",\"query-input\":\"required name=search_term_string\"}],\"inLanguage\":\"de\"},{\"@type\":\"WebPage\",\"@id\":\"https:\/\/www.123przeprowadzki.pl\/de\/umzuge-in-posen#webpage\",\"url\":\"https:\/\/www.123przeprowadzki.pl\/de\/umzuge-in-posen\",\"name\":\"Professionelle Umz\\u00fcge in Posen \\u2022 123Przeprowadzki \\u2022\",\"isPartOf\":{\"@id\":\"https:\/\/www.123przeprowadzki.pl\/de\/#website\"},\"datePublished\":\"2015-06-17T20:18:34+00:00\",\"dateModified\":\"2015-06-21T21:05:58+00:00\",\"description\":\"123Przeprowadzki bietet profesionelle und sichere Umzuge in Posen und im Umkreis von Posen, preisg\\u00fcnstig.\",\"inLanguage\":\"de\",\"potentialAction\":[{\"@type\":\"ReadAction\",\"target\":[\"https:\/\/www.123przeprowadzki.pl\/de\/umzuge-in-posen\"]}]}]}<\/script>\n<!-- \/ Yoast SEO plugin. -->","_links":{"self":[{"href":"https:\/\/www.123przeprowadzki.pl\/de\/wp-json\/wp\/v2\/pages\/3327"}],"collection":[{"href":"https:\/\/www.123przeprowadzki.pl\/de\/wp-json\/wp\/v2\/pages"}],"about":[{"href":"https:\/\/www.123przeprowadzki.pl\/de\/wp-json\/wp\/v2\/types\/page"}],"author":[{"embeddable":true,"href":"https:\/\/www.123przeprowadzki.pl\/de\/wp-json\/wp\/v2\/users\/6"}],"replies":[{"embeddable":true,"href":"https:\/\/www.123przeprowadzki.pl\/de\/wp-json\/wp\/v2\/comments?post=3327"}],"version-history":[{"count":2,"href":"https:\/\/www.123przeprowadzki.pl\/de\/wp-json\/wp\/v2\/pages\/3327\/revisions"}],"predecessor-version":[{"id":3329,"href":"https:\/\/www.123przeprowadzki.pl\/de\/wp-json\/wp\/v2\/pages\/3327\/revisions\/3329"}],"wp:attachment":[{"href":"https:\/\/www.123przeprowadzki.pl\/de\/wp-json\/wp\/v2\/media?parent=3327"}],"curies":[{"name":"wp","href":"https:\/\/api.w.org\/{rel}","templated":true}]}}