{"id":3159,"date":"2015-05-01T13:06:45","date_gmt":"2015-05-01T11:06:45","guid":{"rendered":"http:\/\/www.123przeprowadzki.pl\/?page_id=3159"},"modified":"2018-09-10T15:14:34","modified_gmt":"2018-09-10T13:14:34","slug":"blitzanfrage","status":"publish","type":"page","link":"https:\/\/www.123przeprowadzki.pl\/de\/blitzanfrage","title":{"rendered":"Blitzanfrage"},"content":{"rendered":"<p>[vc_row section=&#8221;yes&#8221; paddingtop=&#8221;30px&#8221; paddingbottom=&#8221;30px&#8221;][vc_column width=&#8221;2\/3&#8243;][vc_column_text]<link rel='stylesheet' id='formidable-css'  href='https:\/\/www.123przeprowadzki.pl\/wp-content\/plugins\/formidable\/css\/formidableforms.css?ver=4251033' type='text\/css' media='all' \/>\n<div class=\"frm_forms  with_frm_style frm_style_formidable-style\" id=\"frm_form_13_container\" >\n<form enctype=\"multipart\/form-data\" method=\"post\" class=\"frm-show-form  frm_pro_form  frm_ajax_submit \" id=\"form_ht6nta2\"  >\n<div class=\"frm_form_fields \">\n<fieldset>\n\r\n<div class=\"frm_fields_container\">\n<input type=\"hidden\" name=\"frm_action\" value=\"create\" \/>\n<input type=\"hidden\" name=\"form_id\" value=\"13\" \/>\n<input type=\"hidden\" name=\"frm_hide_fields_13\" id=\"frm_hide_fields_13\" value=\"\" \/>\n<input type=\"hidden\" name=\"form_key\" value=\"ht6nta2\" \/>\n<input type=\"hidden\" name=\"item_meta[0]\" value=\"\" \/>\n<input type=\"hidden\" id=\"frm_submit_entry_13\" name=\"frm_submit_entry_13\" value=\"81172e09e9\" \/><input type=\"hidden\" name=\"_wp_http_referer\" value=\"\/de\/wp-json\/wp\/v2\/pages\/3159\" \/><div id=\"frm_field_156_container\" class=\"frm_form_field frm_section_heading form-field \">\r\n<h3 class=\"frm_pos_left frm_section_spacing\">Pers\u00f6nliche Angaben<\/h3>\r\n\r\n\r\n<div id=\"frm_field_157_container\" class=\"frm_form_field form-field  frm_required_field frm_top_container vertical_radio\">\r\n    <label  class=\"frm_primary_label\">Privat\/Firma\r\n        <span class=\"frm_required\">*<\/span>\r\n    <\/label>\r\n    <div class=\"frm_opt_container\">\t\t<div class=\"frm_radio\" id=\"frm_radio_157-156-0\"><label for=\"field_d1j3k02-0\">\t\t<input type=\"radio\" name=\"item_meta[157]\" id=\"field_d1j3k02-0\" value=\"Privat\"\n\t\t   data-sectionid=\"156\" data-reqmsg=\"This field cannot be blank.\" aria-required=\"true\" data-invmsg=\"Privat\/Firma ist ung\u00fcltig\" aria-invalid=\"false\"  \/> Privat<\/label><\/div>\n\t\t<div class=\"frm_radio\" id=\"frm_radio_157-156-1\"><label for=\"field_d1j3k02-1\">\t\t<input type=\"radio\" name=\"item_meta[157]\" id=\"field_d1j3k02-1\" value=\"Firma\"\n\t\t   data-sectionid=\"156\" data-reqmsg=\"This field cannot be blank.\" aria-required=\"true\" data-invmsg=\"Privat\/Firma ist ung\u00fcltig\" aria-invalid=\"false\"  \/> Firma<\/label><\/div>\n<\/div>\r\n    \r\n    \r\n<\/div>\n<div id=\"frm_field_158_container\" class=\"frm_form_field form-field  frm_required_field frm_top_container frm_first_half\">\r\n    <label for=\"field_tf20vd2\" class=\"frm_primary_label\">Ihr Name und Vorname\/Firma\r\n        <span class=\"frm_required\">*<\/span>\r\n    <\/label>\r\n    <input type=\"text\" id=\"field_tf20vd2\" name=\"item_meta[158]\" value=\"\"  data-sectionid=\"156\" data-reqmsg=\"This field cannot be blank.\" aria-required=\"true\" data-invmsg=\"Ihr Name und Vorname\/Firma ist ung\u00fcltig\" aria-invalid=\"false\"  \/>\r\n    \r\n    \r\n<\/div>\n<div id=\"frm_field_159_container\" class=\"frm_form_field form-field  frm_required_field frm_top_container frm_last_half\">\r\n    <label for=\"field_zsbsew2\" class=\"frm_primary_label\">Telefonnumer\r\n        <span class=\"frm_required\">*<\/span>\r\n    <\/label>\r\n    <input type=\"text\" id=\"field_zsbsew2\" name=\"item_meta[159]\" value=\"\"  data-sectionid=\"156\" data-reqmsg=\"This field cannot be blank.\" aria-required=\"true\" data-invmsg=\"Telefonnumer ist ung\u00fcltig\" aria-invalid=\"false\"  \/>\r\n    \r\n    \r\n<\/div>\n<div id=\"frm_field_160_container\" class=\"frm_form_field form-field  frm_required_field frm_top_container frm_first_half\">\r\n    <label for=\"field_v757hv2\" class=\"frm_primary_label\">E-Mail-Adresse\r\n        <span class=\"frm_required\">*<\/span>\r\n    <\/label>\r\n    <input type=\"email\" id=\"field_v757hv2\" name=\"item_meta[160]\" value=\"\"  data-sectionid=\"156\" data-reqmsg=\"This field cannot be blank.\" aria-required=\"true\" data-invmsg=\"Email is invalid\" aria-invalid=\"false\"  \/>\r\n    \r\n    \r\n<\/div>\n<div id=\"frm_field_161_container\" class=\"frm_form_field form-field  frm_required_field frm_top_container frm_last_half\">\r\n    <label for=\"field_bfnmcj2\" class=\"frm_primary_label\">Voraussichtlicher Umzugstermin\r\n        <span class=\"frm_required\">*<\/span>\r\n    <\/label>\r\n    <input type=\"text\" id=\"field_bfnmcj2\" name=\"item_meta[161]\" value=\"\"  data-sectionid=\"156\" style=\"width:90px\" maxlength=\"10\" data-reqmsg=\"This field cannot be blank.\" aria-required=\"true\" data-invmsg=\"Planowana data przeprowadzki is invalid\" class=\"auto_width\" aria-invalid=\"false\"  \/>\r\n    \r\n    \r\n<\/div>\n<\/div>\n<div id=\"frm_field_162_container\" class=\"frm_form_field frm_section_heading form-field \">\r\n<h3 class=\"frm_pos_left frm_section_spacing\">Beladestelle<\/h3>\r\n\r\n\r\n<div id=\"frm_field_163_container\" class=\"frm_form_field form-field  frm_required_field frm_top_container frm_first_half\">\r\n    <label for=\"field_kjgeqh2\" class=\"frm_primary_label\">Land\/Stadt\r\n        <span class=\"frm_required\">*<\/span>\r\n    <\/label>\r\n    <input type=\"text\" id=\"field_kjgeqh2\" name=\"item_meta[163]\" value=\"\"  data-sectionid=\"162\" data-reqmsg=\"This field cannot be blank.\" aria-required=\"true\" data-invmsg=\"Land\/Stadt ist ung\u00fcltig\" aria-invalid=\"false\"  \/>\r\n    \r\n    \r\n<\/div>\n<div id=\"frm_field_164_container\" class=\"frm_form_field form-field  frm_required_field frm_top_container frm_last_half\">\r\n    <label for=\"field_cki1dc2\" class=\"frm_primary_label\">Adresse\r\n        <span class=\"frm_required\">*<\/span>\r\n    <\/label>\r\n    <input type=\"text\" id=\"field_cki1dc2\" name=\"item_meta[164]\" value=\"\"  data-sectionid=\"162\" data-reqmsg=\"This field cannot be blank.\" aria-required=\"true\" data-invmsg=\"Adresse ist ung\u00fcltig\" aria-invalid=\"false\"  \/>\r\n    \r\n    \r\n<\/div>\n<div id=\"frm_field_165_container\" class=\"frm_form_field form-field  frm_required_field frm_top_container frm_first_half\">\r\n    <label for=\"field_dyv97r2\" class=\"frm_primary_label\">Stockwerk\r\n        <span class=\"frm_required\">*<\/span>\r\n    <\/label>\r\n    <input type=\"text\" id=\"field_dyv97r2\" name=\"item_meta[165]\" value=\"\"  data-sectionid=\"162\" data-reqmsg=\"This field cannot be blank.\" aria-required=\"true\" data-invmsg=\"Stockwerk ist ung\u00fcltig\" aria-invalid=\"false\"  \/>\r\n    \r\n    \r\n<\/div>\n<div id=\"frm_field_166_container\" class=\"frm_form_field form-field  frm_required_field frm_top_container frm_last_half vertical_radio\">\r\n    <label  class=\"frm_primary_label\">Lift\r\n        <span class=\"frm_required\">*<\/span>\r\n    <\/label>\r\n    <div class=\"frm_opt_container\">\t\t<div class=\"frm_radio\" id=\"frm_radio_166-162-0\"><label for=\"field_im0c682-0\">\t\t<input type=\"radio\" name=\"item_meta[166]\" id=\"field_im0c682-0\" value=\"Ja\"\n\t\t   data-sectionid=\"162\" data-reqmsg=\"This field cannot be blank.\" aria-required=\"true\" data-invmsg=\"Lift ist ung\u00fcltig\" aria-invalid=\"false\"  \/> Ja<\/label><\/div>\n\t\t<div class=\"frm_radio\" id=\"frm_radio_166-162-1\"><label for=\"field_im0c682-1\">\t\t<input type=\"radio\" name=\"item_meta[166]\" id=\"field_im0c682-1\" value=\"Nein\"\n\t\t   data-sectionid=\"162\" data-reqmsg=\"This field cannot be blank.\" aria-required=\"true\" data-invmsg=\"Lift ist ung\u00fcltig\" aria-invalid=\"false\"  \/> Nein<\/label><\/div>\n<\/div>\r\n    \r\n    \r\n<\/div>\n<\/div>\n<div id=\"frm_field_167_container\" class=\"frm_form_field frm_section_heading form-field \">\r\n<h3 class=\"frm_pos_top frm_section_spacing\">Entladestelle<\/h3>\r\n\r\n\r\n<div id=\"frm_field_168_container\" class=\"frm_form_field form-field  frm_required_field frm_top_container frm_first_half\">\r\n    <label for=\"field_2665c32\" class=\"frm_primary_label\">Land\/Stadt\r\n        <span class=\"frm_required\">*<\/span>\r\n    <\/label>\r\n    <input type=\"text\" id=\"field_2665c32\" name=\"item_meta[168]\" value=\"\"  data-sectionid=\"167\" data-reqmsg=\"This field cannot be blank.\" aria-required=\"true\" data-invmsg=\"Land\/Stadt ist ung\u00fcltig\" aria-invalid=\"false\"  \/>\r\n    \r\n    \r\n<\/div>\n<div id=\"frm_field_169_container\" class=\"frm_form_field form-field  frm_required_field frm_top_container frm_last_half\">\r\n    <label for=\"field_735krp2\" class=\"frm_primary_label\">Adresse\r\n        <span class=\"frm_required\">*<\/span>\r\n    <\/label>\r\n    <input type=\"text\" id=\"field_735krp2\" name=\"item_meta[169]\" value=\"\"  data-sectionid=\"167\" data-reqmsg=\"This field cannot be blank.\" aria-required=\"true\" data-invmsg=\"Adresse ist ung\u00fcltig\" aria-invalid=\"false\"  \/>\r\n    \r\n    \r\n<\/div>\n<div id=\"frm_field_170_container\" class=\"frm_form_field form-field  frm_required_field frm_top_container frm_first_half\">\r\n    <label for=\"field_6v33ji2\" class=\"frm_primary_label\">Stockwerk\r\n        <span class=\"frm_required\">*<\/span>\r\n    <\/label>\r\n    <input type=\"text\" id=\"field_6v33ji2\" name=\"item_meta[170]\" value=\"\"  data-sectionid=\"167\" data-reqmsg=\"This field cannot be blank.\" aria-required=\"true\" data-invmsg=\"Stockwerk ist ung\u00fcltig\" aria-invalid=\"false\"  \/>\r\n    \r\n    \r\n<\/div>\n<div id=\"frm_field_171_container\" class=\"frm_form_field form-field  frm_required_field frm_top_container frm_last_half vertical_radio\">\r\n    <label  class=\"frm_primary_label\">Lift\r\n        <span class=\"frm_required\">*<\/span>\r\n    <\/label>\r\n    <div class=\"frm_opt_container\">\t\t<div class=\"frm_radio\" id=\"frm_radio_171-167-0\"><label for=\"field_u08dcc2-0\">\t\t<input type=\"radio\" name=\"item_meta[171]\" id=\"field_u08dcc2-0\" value=\"Ja\"\n\t\t   data-sectionid=\"167\" data-reqmsg=\"This field cannot be blank.\" aria-required=\"true\" data-invmsg=\"Lift ist ung\u00fcltig\" aria-invalid=\"false\"  \/> Ja<\/label><\/div>\n\t\t<div class=\"frm_radio\" id=\"frm_radio_171-167-1\"><label for=\"field_u08dcc2-1\">\t\t<input type=\"radio\" name=\"item_meta[171]\" id=\"field_u08dcc2-1\" value=\"Nein\"\n\t\t   data-sectionid=\"167\" data-reqmsg=\"This field cannot be blank.\" aria-required=\"true\" data-invmsg=\"Lift ist ung\u00fcltig\" aria-invalid=\"false\"  \/> Nein<\/label><\/div>\n<\/div>\r\n    \r\n    \r\n<\/div>\n<\/div>\n<div id=\"frm_field_172_container\" class=\"frm_form_field frm_section_heading form-field \">\r\n<h3 class=\"frm_pos_top frm_section_spacing\">Mehr Infos<\/h3>\r\n\r\n\r\n<div id=\"frm_field_173_container\" class=\"frm_form_field form-field  frm_required_field frm_top_container vertical_radio\">\r\n    <label  class=\"frm_primary_label\">Umzugsart\r\n        <span class=\"frm_required\">*<\/span>\r\n    <\/label>\r\n    <div class=\"frm_opt_container\">\t\t<div class=\"frm_radio\" id=\"frm_radio_173-172-0\"><label for=\"field_kxgr9q2-0\">\t\t<input type=\"radio\" name=\"item_meta[173]\" id=\"field_kxgr9q2-0\" value=\"Umzug mit Einpacken\"\n\t\t   data-sectionid=\"172\" data-reqmsg=\"This field cannot be blank.\" aria-required=\"true\" data-invmsg=\"Umzugsart ist ung\u00fcltig\" aria-invalid=\"false\"  \/> Umzug mit Einpacken<\/label><\/div>\n\t\t<div class=\"frm_radio\" id=\"frm_radio_173-172-1\"><label for=\"field_kxgr9q2-1\">\t\t<input type=\"radio\" name=\"item_meta[173]\" id=\"field_kxgr9q2-1\" value=\"Umzug ohne Einpacken\"\n\t\t   data-sectionid=\"172\" data-reqmsg=\"This field cannot be blank.\" aria-required=\"true\" data-invmsg=\"Umzugsart ist ung\u00fcltig\" aria-invalid=\"false\"  \/> Umzug ohne Einpacken<\/label><\/div>\n\t\t<div class=\"frm_radio\" id=\"frm_radio_173-172-2\"><label for=\"field_kxgr9q2-2\">\t\t<input type=\"radio\" name=\"item_meta[173]\" id=\"field_kxgr9q2-2\" value=\"Nur Transport\"\n\t\t   data-sectionid=\"172\" data-reqmsg=\"This field cannot be blank.\" aria-required=\"true\" data-invmsg=\"Umzugsart ist ung\u00fcltig\" aria-invalid=\"false\"  \/> Nur Transport<\/label><\/div>\n<\/div>\r\n    \r\n    \r\n<\/div>\n<div id=\"frm_field_174_container\" class=\"frm_form_field form-field  frm_top_container frm_first_half\">\r\n    <label for=\"field_5fntyj2\" class=\"frm_primary_label\">Anzahl der Zimmer\/Burostellen\r\n        <span class=\"frm_required\"><\/span>\r\n    <\/label>\r\n    <input type=\"text\" id=\"field_5fntyj2\" name=\"item_meta[174]\" value=\"\"  data-sectionid=\"172\" data-invmsg=\"Anzahl der Zimmer\/Burostellen ist ung\u00fcltig\" aria-invalid=\"false\"  \/>\r\n    \r\n    \r\n<\/div>\n<div id=\"frm_field_175_container\" class=\"frm_form_field form-field  frm_required_field frm_top_container frm_last_half\">\r\n    <label for=\"field_frard82\" class=\"frm_primary_label\">Wohn\/Burofl\u00e4che gesamt (m2)\r\n        <span class=\"frm_required\">*<\/span>\r\n    <\/label>\r\n    <input type=\"text\" id=\"field_frard82\" name=\"item_meta[175]\" value=\"\"  data-sectionid=\"172\" data-reqmsg=\"This field cannot be blank.\" aria-required=\"true\" data-invmsg=\"Wohn\/Burofl\u00e4che gesamt (m2) ist ung\u00fcltig\" aria-invalid=\"false\"  \/>\r\n    \r\n    \r\n<\/div>\n<div id=\"frm_field_176_container\" class=\"frm_form_field form-field  frm_top_container vertical_radio\">\r\n    <label  class=\"frm_primary_label\">Au\u00dfergew\u00f6hnliche Umzugsg\u00fcter\r\n        <span class=\"frm_required\"><\/span>\r\n    <\/label>\r\n    <div class=\"frm_opt_container\">\t\t<div class=\"frm_checkbox\" id=\"frm_checkbox_176-172-0\"><label for=\"field_uq802t2-0\"><input type=\"checkbox\" name=\"item_meta[176][]\" id=\"field_uq802t2-0\" value=\"Fl\u00fcgel\"  data-sectionid=\"172\" data-invmsg=\"Au\u00dfergew\u00f6hnliche Umzugsg\u00fcter ist ung\u00fcltig\" aria-invalid=\"false\"   \/> Fl\u00fcgel<\/label><\/div>\n\t\t<div class=\"frm_checkbox\" id=\"frm_checkbox_176-172-1\"><label for=\"field_uq802t2-1\"><input type=\"checkbox\" name=\"item_meta[176][]\" id=\"field_uq802t2-1\" value=\"Klavier\"  data-sectionid=\"172\" data-invmsg=\"Au\u00dfergew\u00f6hnliche Umzugsg\u00fcter ist ung\u00fcltig\" aria-invalid=\"false\"   \/> Klavier<\/label><\/div>\n\t\t<div class=\"frm_checkbox\" id=\"frm_checkbox_176-172-2\"><label for=\"field_uq802t2-2\"><input type=\"checkbox\" name=\"item_meta[176][]\" id=\"field_uq802t2-2\" value=\"Antiquit\u00e4ten\"  data-sectionid=\"172\" data-invmsg=\"Au\u00dfergew\u00f6hnliche Umzugsg\u00fcter ist ung\u00fcltig\" aria-invalid=\"false\"   \/> Antiquit\u00e4ten<\/label><\/div>\n\t\t<div class=\"frm_checkbox\" id=\"frm_checkbox_176-172-3\"><label for=\"field_uq802t2-3\"><input type=\"checkbox\" name=\"item_meta[176][]\" id=\"field_uq802t2-3\" value=\"Trezor\/Panzerschrank\"  data-sectionid=\"172\" data-invmsg=\"Au\u00dfergew\u00f6hnliche Umzugsg\u00fcter ist ung\u00fcltig\" aria-invalid=\"false\"   \/> Trezor\/Panzerschrank<\/label><\/div>\n<\/div>\r\n    \r\n    \r\n<\/div>\n<div id=\"frm_field_177_container\" class=\"frm_form_field form-field  frm_top_container\">\r\n    <label for=\"field_8mbjau2\" class=\"frm_primary_label\">Weitere Anmerkungen\r\n        <span class=\"frm_required\"><\/span>\r\n    <\/label>\r\n    <textarea name=\"item_meta[177]\" id=\"field_8mbjau2\" rows=\"5\"  data-sectionid=\"172\" data-invmsg=\"Weitere Anmerkungen ist ung\u00fcltig\" aria-invalid=\"false\"  ><\/textarea>\r\n    \r\n    \r\n<\/div>\n<div id=\"frm_field_178_container\" class=\"frm_form_field form-field  frm_top_container\">\r\n    <label for=\"g-recaptcha-response\" class=\"frm_primary_label\">Schreiben Sie bitte Kennwort auf\r\n        <span class=\"frm_required\"><\/span>\r\n    <\/label>\r\n    <div id=\"field_tjm0q82\" class=\"frm-g-recaptcha\" data-sitekey=\"6LfG8wATAAAAAIQuxCFfXq2basbjQtGOuNpQAjBg\" data-size=\"normal\" data-theme=\"light\"><\/div>\r\n    \r\n    \r\n<\/div>\n<\/div>\n\t<input type=\"hidden\" name=\"item_key\" value=\"\" \/>\n\t<input name=\"frm_state\" type=\"hidden\" value=\"C76qARWkSjHa5K2hjaRkBQEKmz4u3X\/uHxBt41p3H54=\" \/><div class=\"frm_submit\">\r\n\r\n<input type=\"submit\" value=\"Senden\"  class=\"frm_final_submit\" formnovalidate=\"formnovalidate\" \/>\r\n<img class=\"frm_ajax_loading\" src=\"https:\/\/www.123przeprowadzki.pl\/wp-content\/plugins\/formidable\/images\/ajax_loader.gif\" alt=\"Sending\" style=\"visibility:hidden;\" \/>\r\n\r\n<\/div><\/div>\n<\/fieldset>\n<\/div>\n<\/form>\n<\/div>\n[\/vc_column_text][\/vc_column][vc_column width=&#8221;1\/3&#8243;]<div class=\"line-header text-left\"><h2>Hilfe<\/h2><span class=\"header-sep\"><\/span><\/div>[vc_column_text]Antworten auf h\u00e4ufig gestellte Fragen finden Sie darunter. Schauen Sie einfach rein![\/vc_column_text][vc_accordion][vc_accordion_tab title=&#8221;Ist die Umzugspreiskalkulation kostenlos und unverbindlich?&#8221;][vc_column_text]Ja. Sobald Ihre Anfrage bei uns eingegangen ist, bekommen Sie die Umzugspreiskalkulation kostenlos und unverbindlich. Sie entscheiden sich selbst daf\u00fcr, mit uns weiter Zusammenarbeit ankn\u00fcpfen.[\/vc_column_text][\/vc_accordion_tab][vc_accordion_tab title=&#8221;Sind meine pers\u00f6nlichen Daten sicher?&#8221;][vc_column_text]Ja. Ihre pers\u00f6nlichen Daten werden nur von uns f\u00fcr Umzugspreiskalkulation benutzt. Die sind streng vertraulich.[\/vc_column_text][\/vc_accordion_tab][vc_accordion_tab title=&#8221;Wie lange muss ich auf Umzugspreiskalkulation warten?&#8221;][vc_column_text]In der Regel erhalten Sie unsere Angebot in 24 Stunden. Wenn wir noch extra Fragen haben, werden unsere Umzugsberatern sich schnellstm\u00f6glich mit Ihnen per E-Mail oder Telefon in Verbindung setzen und Sie individuell beraten. Mit ihnen k\u00f6nnen Sie dann noch weitere, offene Fragen kl\u00e4ren.[\/vc_column_text][\/vc_accordion_tab][vc_accordion_tab title=&#8221;On-line Formular funktioniert nicht?&#8221;][vc_column_text]Bitte rufen Sie uns an, senden <a href=\"mailto:kontakt@123przeprowadzki.pl\">e-mail<\/a> oder f\u00fcllen Sie <a title=\"Kontakt\" href=\"\/de\/kontakt\">Online-Kontakt-Formular<\/a>.[\/vc_column_text][\/vc_accordion_tab][\/vc_accordion][\/vc_column][\/vc_row]<\/p>\n","protected":false},"excerpt":{"rendered":"<p>[vc_row section=&#8221;yes&#8221; paddingtop=&#8221;30px&#8221; paddingbottom=&#8221;30px&#8221;][vc_column width=&#8221;2\/3&#8243;][vc_column_text][\/vc_column_text][\/vc_column][vc_column width=&#8221;1\/3&#8243;][vc_column_text]Antworten auf h\u00e4ufig gestellte Fragen finden Sie darunter. Schauen Sie einfach rein![\/vc_column_text][vc_accordion][vc_accordion_tab title=&#8221;Ist die Umzugspreiskalkulation [&hellip;]<\/p>\n","protected":false},"author":6,"featured_media":0,"parent":0,"menu_order":0,"comment_status":"open","ping_status":"open","template":"template-sections.php","meta":[],"yoast_head":"<!-- This site is optimized with the Yoast SEO plugin v15.0 - https:\/\/yoast.com\/wordpress\/plugins\/seo\/ -->\n<title>Kostenlose Umzugspreiskalkulation \u2022 123Przeprowadzki \u2022<\/title>\n<meta name=\"description\" content=\"M\u00f6chten Sie unsere Angebot bekommen? F\u00fcllen Sie bitte der Formular aus. Wir machen beste Angebot und antworten Ihnen schnellstm\u00f6glich.\" \/>\n<meta name=\"robots\" content=\"index, follow, max-snippet:-1, max-image-preview:large, max-video-preview:-1\" \/>\n<link rel=\"canonical\" href=\"https:\/\/www.123przeprowadzki.pl\/de\/blitzanfrage\" \/>\n<meta property=\"og:locale\" content=\"de_DE\" \/>\n<meta property=\"og:type\" content=\"article\" \/>\n<meta property=\"og:title\" content=\"Kostenlose Umzugspreiskalkulation \u2022 123Przeprowadzki \u2022\" \/>\n<meta property=\"og:description\" content=\"M\u00f6chten Sie unsere Angebot bekommen? F\u00fcllen Sie bitte der Formular aus. Wir machen beste Angebot und antworten Ihnen schnellstm\u00f6glich.\" \/>\n<meta property=\"og:url\" content=\"https:\/\/www.123przeprowadzki.pl\/de\/blitzanfrage\" \/>\n<meta property=\"og:site_name\" content=\"123Przeprowadzki\" \/>\n<meta property=\"article:publisher\" content=\"https:\/\/www.facebook.com\/123przeprowadzki\" \/>\n<meta property=\"article:modified_time\" content=\"2018-09-10T13:14:34+00:00\" \/>\n<script type=\"application\/ld+json\" class=\"yoast-schema-graph\">{\"@context\":\"https:\/\/schema.org\",\"@graph\":[{\"@type\":\"WebSite\",\"@id\":\"https:\/\/www.123przeprowadzki.pl\/de\/#website\",\"url\":\"https:\/\/www.123przeprowadzki.pl\/de\/\",\"name\":\"123Przeprowadzki\",\"description\":\"\",\"potentialAction\":[{\"@type\":\"SearchAction\",\"target\":\"https:\/\/www.123przeprowadzki.pl\/de\/?s={search_term_string}\",\"query-input\":\"required name=search_term_string\"}],\"inLanguage\":\"de\"},{\"@type\":\"WebPage\",\"@id\":\"https:\/\/www.123przeprowadzki.pl\/de\/blitzanfrage#webpage\",\"url\":\"https:\/\/www.123przeprowadzki.pl\/de\/blitzanfrage\",\"name\":\"Kostenlose Umzugspreiskalkulation \\u2022 123Przeprowadzki \\u2022\",\"isPartOf\":{\"@id\":\"https:\/\/www.123przeprowadzki.pl\/de\/#website\"},\"datePublished\":\"2015-05-01T11:06:45+00:00\",\"dateModified\":\"2018-09-10T13:14:34+00:00\",\"description\":\"M\\u00f6chten Sie unsere Angebot bekommen? F\\u00fcllen Sie bitte der Formular aus. Wir machen beste Angebot und antworten Ihnen schnellstm\\u00f6glich.\",\"inLanguage\":\"de\",\"potentialAction\":[{\"@type\":\"ReadAction\",\"target\":[\"https:\/\/www.123przeprowadzki.pl\/de\/blitzanfrage\"]}]}]}<\/script>\n<!-- \/ Yoast SEO plugin. -->","_links":{"self":[{"href":"https:\/\/www.123przeprowadzki.pl\/de\/wp-json\/wp\/v2\/pages\/3159"}],"collection":[{"href":"https:\/\/www.123przeprowadzki.pl\/de\/wp-json\/wp\/v2\/pages"}],"about":[{"href":"https:\/\/www.123przeprowadzki.pl\/de\/wp-json\/wp\/v2\/types\/page"}],"author":[{"embeddable":true,"href":"https:\/\/www.123przeprowadzki.pl\/de\/wp-json\/wp\/v2\/users\/6"}],"replies":[{"embeddable":true,"href":"https:\/\/www.123przeprowadzki.pl\/de\/wp-json\/wp\/v2\/comments?post=3159"}],"version-history":[{"count":6,"href":"https:\/\/www.123przeprowadzki.pl\/de\/wp-json\/wp\/v2\/pages\/3159\/revisions"}],"predecessor-version":[{"id":3778,"href":"https:\/\/www.123przeprowadzki.pl\/de\/wp-json\/wp\/v2\/pages\/3159\/revisions\/3778"}],"wp:attachment":[{"href":"https:\/\/www.123przeprowadzki.pl\/de\/wp-json\/wp\/v2\/media?parent=3159"}],"curies":[{"name":"wp","href":"https:\/\/api.w.org\/{rel}","templated":true}]}}