{"id":3045,"date":"2015-03-21T21:36:13","date_gmt":"2015-03-21T20:36:13","guid":{"rendered":"http:\/\/www.123przeprowadzki.pl\/?page_id=3045"},"modified":"2015-06-21T22:57:28","modified_gmt":"2015-06-21T20:57:28","slug":"blog","status":"publish","type":"page","link":"https:\/\/www.123przeprowadzki.pl\/de\/blog","title":{"rendered":"Blog"},"content":{"rendered":"<p>[vc_row section=&#8221;yes&#8221; sectionwidth=&#8221;centered&#8221; paddingtop=&#8221;60px&#8221; paddingbottom=&#8221;60px&#8221; backgroundrepeat=&#8221;no-repeat&#8221; backgroundposition=&#8221;center top&#8221; backgroundattachment=&#8221;scroll&#8221; backgroundsize=&#8221;auto&#8221; textcolor=&#8221;light&#8221; parallax=&#8221;no&#8221; parallax_speed=&#8221;1&#8243; visibility=&#8221;mt-visible-all&#8221; backgroundimage=&#8221;2768&#8243;][vc_column width=&#8221;1\/3&#8243;][\/vc_column][vc_column width=&#8221;1\/3&#8243;][\/vc_column][vc_column width=&#8221;1\/3&#8243;]<div class=\"service-wrapper service-icon-box clearfix\"><div class=\"service yes-margin \"><div class=\"service-icon\"><i class=\"fa fa-road\"><\/i><\/div><h4>Blog<\/h4>Blog \u201eUmz\u00fcge am Ende der Welt\u201d ist eine Stelle, wo Sie Ratschl\u00e4ge und Hinweise bez\u00fcglich Umz\u00fcge, sowie Fotos und Erfahrungen aus unseren Reisen finden. Wir laden Sie ein! :)<br \/>\n<\/div><\/div>[\/vc_column][\/vc_row][vc_row section=&#8221;yes&#8221; sectionwidth=&#8221;centered&#8221; paddingtop=&#8221;20px&#8221; paddingbottom=&#8221;20px&#8221; backgroundrepeat=&#8221;repeat&#8221; backgroundposition=&#8221;left top&#8221; backgroundattachment=&#8221;scroll&#8221; backgroundsize=&#8221;auto&#8221; textcolor=&#8221;default&#8221; parallax=&#8221;no&#8221; parallax_speed=&#8221;1&#8243; visibility=&#8221;mt-visible-all&#8221;][vc_column width=&#8221;1\/1&#8243;]<div class=\"line-header text-left\"><h1>Umz\u00fcge am Ende der Welt<\/h1><span class=\"header-sep\"><\/span><\/div>[vc_row_inner][vc_column_inner width=&#8221;1\/4&#8243;][vc_wp_search title=&#8221;Suchen&#8221;][vc_wp_categories options=&#8221;count&#8221; title=&#8221;Kategorien&#8221;][vc_wp_posts show_date=&#8221;&#8221; title=&#8221;Aktuell&#8221; number=&#8221;5&#8243;][\/vc_column_inner][vc_column_inner width=&#8221;3\/4&#8243;]\n\t\t<div class=\"mt-blog row clearfix grid\">\n\t\t<div class=\"grid-sizer\"><\/div>\n\n\t\t\n\t\t\t<!-- BEGIN .post -->\n\t\t\t<article id=\"post-3191\" class=\"post-3191 post type-post status-publish format-standard hentry category-hilfe\">\n\t\n\t<div class=\"post-inner clearfix\">\n\n\t\t<header class=\"post-header\">\n\t\t<div class=\"meta-top clearfix\">\n\t<span class=\"meta-item meta-category\"><a href=\"https:\/\/www.123przeprowadzki.pl\/de\/category\/blog-de\/hilfe\" rel=\"category tag\">Hilfe<\/a><\/span>\t\n<\/div><!-- \/ .meta-top -->\t\t\t\t\t<h1><a href=\"https:\/\/www.123przeprowadzki.pl\/de\/blog-de\/hilfe\/am-umzugstag\">Am Umzugstag<\/a><\/h1>\n\t\t\t\t<\/header>\n\n\t\t\t\t\n\t\t<div class=\"clearfix\"><\/div>\n\t\n\t\t<div class=\"post-content clearfix\">\t\t\t\n\n\t\t\t<p>[vc_row][vc_column width=&#8221;1\/1&#8243;]<img src=\"https:\/\/www.123przeprowadzki.pl\/wp-content\/uploads\/2015\/01\/przygotowanie-1.jpg\" class=\" alignnone\" data-anim-type=\"fadeIn\" \/>[vc_column_text]\n<h2>Am Verladeort<\/h2>\n<p><strong>Vergessen Sie nicht, in n\u00e4chster N\u00e4he des alten Umzugsorts einen Stellplatz f\u00fcr unseren Lkw zu reservieren!<\/strong><\/p>\n<ul>\n<li>Die Mannschaft von 123Przeprowadzki kommt an. Besprechung des Umzugsplanes und Details mit dem Vorarbeiter. Individuelle Bemerkungen des Kunden.<\/li>\n<li>Sichern Sie den  <a href=\"https:\/\/www.123przeprowadzki.pl\/de\/blog-de\/hilfe\/am-umzugstag#more-3191\" class=\"more-link\">Continue reading &rarr;<\/a><\/li>\n<\/ul>\n<div class=\"clearfix\"><\/div>\t\t\t\n\t\t\t\t\t\t\n\t\t<\/div><!-- \/ .post-content -->\n\n\t\t<div class=\"meta-grid clearfix\">\n\n\t<div class=\"meta-inner-grid\">\n\t\t<span class=\"meta-item meta-grid-date\"><i class=\"fa fa-clock-o\"><\/i> 1 Mai 2015<\/span>\n\t\t<span class=\"meta-item meta-grid-comments\"><i class=\"fa fa-comment-o\"><\/i> <span class=\"comments-link\">-<\/span><\/span>\n\t<\/div>\n\n<\/div><!-- \/ .meta -->\n\t<\/div><!-- \/ .post-inner -->\n<\/article><!-- \/ .post -->\t\t\t<!-- END .post -->\n\n\t\t\n\t\t\t<!-- BEGIN .post -->\n\t\t\t<article id=\"post-3140\" class=\"post-3140 post type-post status-publish format-standard hentry category-hilfe\">\n\t\n\t<div class=\"post-inner clearfix\">\n\n\t\t<header class=\"post-header\">\n\t\t<div class=\"meta-top clearfix\">\n\t<span class=\"meta-item meta-category\"><a href=\"https:\/\/www.123przeprowadzki.pl\/de\/category\/blog-de\/hilfe\" rel=\"category tag\">Hilfe<\/a><\/span>\t\n<\/div><!-- \/ .meta-top -->\t\t\t\t\t<h1><a href=\"https:\/\/www.123przeprowadzki.pl\/de\/blog-de\/hilfe\/ausergewohnliche-umzugsguter\">Au\u00dfergew\u00f6hnliche Umzugsg\u00fcter<\/a><\/h1>\n\t\t\t\t<\/header>\n\n\t\t\t\t\n\t\t<div class=\"clearfix\"><\/div>\n\t\n\t\t<div class=\"post-content clearfix\">\t\t\t\n\n\t\t\t<p>[vc_row][vc_column width=&#8221;1\/1&#8243;]<img src=\"https:\/\/www.123przeprowadzki.pl\/wp-content\/uploads\/2015\/01\/Mienie-przeprowadzkowe.jpg\" class=\" alignnone\" alt=\"Mienie przeprowadzkowe specjalnej uwagi\" data-anim-type=\"fadeIn\" \/>[vc_column_text]\n<p style=\"text-align: justify;\"><a title=\"Wohnungsumz\u00fcge\" href=\"\/de\/privatumzuge\">Wenn Sie umziehen<\/a>, k\u00f6nnen Sie au\u00dfergew\u00f6hnliche Umzugsguter finden, die speziell Aufmerksamkeit brauchen. Dann muss man diese Sachen optimal, sicher und speziell einpacken und transportieren so, dass vor allem f\u00fcr Ihre und unsere Sicherheit sorgen.<\/p>\n<h2>Dazu geh\u00f6ren:<\/h2>\n<p> <a href=\"https:\/\/www.123przeprowadzki.pl\/de\/blog-de\/hilfe\/ausergewohnliche-umzugsguter#more-3140\" class=\"more-link\">Continue reading &rarr;<\/a><\/p>\n<div class=\"clearfix\"><\/div>\t\t\t\n\t\t\t\t\t\t\n\t\t<\/div><!-- \/ .post-content -->\n\n\t\t<div class=\"meta-grid clearfix\">\n\n\t<div class=\"meta-inner-grid\">\n\t\t<span class=\"meta-item meta-grid-date\"><i class=\"fa fa-clock-o\"><\/i> 19 April 2015<\/span>\n\t\t<span class=\"meta-item meta-grid-comments\"><i class=\"fa fa-comment-o\"><\/i> <span class=\"comments-link\">-<\/span><\/span>\n\t<\/div>\n\n<\/div><!-- \/ .meta -->\n\t<\/div><!-- \/ .post-inner -->\n<\/article><!-- \/ .post -->\t\t\t<!-- END .post -->\n\n\t\t\n\t\t\t<!-- BEGIN .post -->\n\t\t\t<article id=\"post-3137\" class=\"post-3137 post type-post status-publish format-standard hentry category-hilfe\">\n\t\n\t<div class=\"post-inner clearfix\">\n\n\t\t<header class=\"post-header\">\n\t\t<div class=\"meta-top clearfix\">\n\t<span class=\"meta-item meta-category\"><a href=\"https:\/\/www.123przeprowadzki.pl\/de\/category\/blog-de\/hilfe\" rel=\"category tag\">Hilfe<\/a><\/span>\t\n<\/div><!-- \/ .meta-top -->\t\t\t\t\t<h1><a href=\"https:\/\/www.123przeprowadzki.pl\/de\/blog-de\/hilfe\/freundliche-umzug-fur-unsere-kinder\">Freundliche Umzug f\u00fcr unsere Kinder<\/a><\/h1>\n\t\t\t\t<\/header>\n\n\t\t\t\t\n\t\t<div class=\"clearfix\"><\/div>\n\t\n\t\t<div class=\"post-content clearfix\">\t\t\t\n\n\t\t\t<p>[vc_row][vc_column]<img src=\"https:\/\/www.123przeprowadzki.pl\/wp-content\/uploads\/2015\/01\/Przeprowadzka-przyjazna-dzieciom.jpg\" class=\"\" title=\"Przeprowadzka okiem dziecka\" data-anim-type=\"\" \/>[vc_column_text]<strong>F\u00fcr die Umzugsdauer haben wir etwas Nettes f\u00fcr unsere kleinen und gr\u00f6\u00dferen Kinder vorbereitet.<\/strong><\/p>\n<p style=\"text-align: justify;\">F\u00fcr die Umzugsdauer haben wir etwas Nettes f\u00fcr unsere kleinen und gr\u00f6\u00dferen Kinder vorbereitet. F\u00fcr alle Kleinkinder, und nicht nur, haben wir eine nette \u00dcberraschung. Wir bieten lustige Malhefte zum Thema \u201eDer Umzug\u201d an. Wir ermutigen alle zum gemeinsamen Malen, also Farbstifte, Filzstifte und Farben in die Hand und an die Arbeit! :)<\/p>\n<p style=\"text-align: justify;\">Klicken Sie auf das gew\u00fcnschte Malheft und drucken Sie es (<a href=\"http:\/\/get.adobe.com\/reader\/\" target=\"_blank\" rel=\"nofollow noopener\">PDF Reader<\/a> muss installiert werden).<\/p>\n<p> <a href=\"https:\/\/www.123przeprowadzki.pl\/de\/blog-de\/hilfe\/freundliche-umzug-fur-unsere-kinder#more-3137\" class=\"more-link\">Continue reading &rarr;<\/a><\/p>\n<div class=\"clearfix\"><\/div>\t\t\t\n\t\t\t\t\t\t\n\t\t<\/div><!-- \/ .post-content -->\n\n\t\t<div class=\"meta-grid clearfix\">\n\n\t<div class=\"meta-inner-grid\">\n\t\t<span class=\"meta-item meta-grid-date\"><i class=\"fa fa-clock-o\"><\/i> 19 April 2015<\/span>\n\t\t<span class=\"meta-item meta-grid-comments\"><i class=\"fa fa-comment-o\"><\/i> <span class=\"comments-link\">-<\/span><\/span>\n\t<\/div>\n\n<\/div><!-- \/ .meta -->\n\t<\/div><!-- \/ .post-inner -->\n<\/article><!-- \/ .post -->\t\t\t<!-- END .post -->\n\n\t\t\n\t\t\t<!-- BEGIN .post -->\n\t\t\t<article id=\"post-3047\" class=\"post-3047 post type-post status-publish format-standard hentry category-hilfe\">\n\t\n\t<div class=\"post-inner clearfix\">\n\n\t\t<header class=\"post-header\">\n\t\t<div class=\"meta-top clearfix\">\n\t<span class=\"meta-item meta-category\"><a href=\"https:\/\/www.123przeprowadzki.pl\/de\/category\/blog-de\/hilfe\" rel=\"category tag\">Hilfe<\/a><\/span>\t\n<\/div><!-- \/ .meta-top -->\t\t\t\t\t<h1><a href=\"https:\/\/www.123przeprowadzki.pl\/de\/blog-de\/hilfe\/umzugsplanung\">Umzugsplanung<\/a><\/h1>\n\t\t\t\t<\/header>\n\n\t\t\t\t\n\t\t<div class=\"clearfix\"><\/div>\n\t\n\t\t<div class=\"post-content clearfix\">\t\t\t\n\n\t\t\t<p>[vc_row][vc_column width=&#8221;1\/1&#8243;]<img src=\"https:\/\/www.123przeprowadzki.pl\/wp-content\/uploads\/2015\/01\/Jak-zaplanowa\u0107-przeprowadzk\u0119-2.jpg\" class=\" alignnone\" alt=\"Jak zaplanowa\u0107 przeprowadzk\u0119?\" data-anim-type=\"fadeIn\" \/>[vc_column_text css=&#8221;.vc_custom_1426970632614{margin-top: 10px !important;}&#8221;]\n<p style=\"text-align: justify;\">Jeder Umzug ist mit Stress verbunden. Wir f\u00fcrchten uns vor der \u00c4nderung der Umgebung, sowie vor dem Umzugsprozess selbst. Wird alles laut dem Plan laufen? Wird nichts besch\u00e4digt? Wie soll man den Umzug planen? Das sind die Fragen, die uns oft unsere Kunden stellen. Aber die Kernfrage f\u00fcr den Erfolg eines Umzugs ist diese letzte.<br \/>\nPlanung ist die Erfolgsgarantie in vielen Gebieten; sie spielt eine wesentliche Rolle auch in allen erfolgreichen Umz\u00fcgen. In der Firma <strong>123Przeprowadzki<\/strong> legen wir einen besonderen Wert auf die Arbeitsorganisation und mit unseren Erfahrungen werden wir uns gern mit Euch teilen.<\/p>\n<p> <a href=\"https:\/\/www.123przeprowadzki.pl\/de\/blog-de\/hilfe\/umzugsplanung#more-3047\" class=\"more-link\">Continue reading &rarr;<\/a><\/p>\n<div class=\"clearfix\"><\/div>\t\t\t\n\t\t\t\t\t\t\n\t\t<\/div><!-- \/ .post-content -->\n\n\t\t<div class=\"meta-grid clearfix\">\n\n\t<div class=\"meta-inner-grid\">\n\t\t<span class=\"meta-item meta-grid-date\"><i class=\"fa fa-clock-o\"><\/i> 21 M\u00e4rz 2015<\/span>\n\t\t<span class=\"meta-item meta-grid-comments\"><i class=\"fa fa-comment-o\"><\/i> <span class=\"comments-link\">-<\/span><\/span>\n\t<\/div>\n\n<\/div><!-- \/ .meta -->\n\t<\/div><!-- \/ .post-inner -->\n<\/article><!-- \/ .post -->\t\t\t<!-- END .post -->\n\n\t\t\n\t\t<\/div><!-- END blog -->\n\n\t\t\t\t\t\t<div class=\"blog-grid-pagination\"><\/div>\n\t\t\t[\/vc_column_inner][\/vc_row_inner][\/vc_column][\/vc_row]<\/p>\n","protected":false},"excerpt":{"rendered":"<p>[vc_row section=&#8221;yes&#8221; sectionwidth=&#8221;centered&#8221; paddingtop=&#8221;60px&#8221; paddingbottom=&#8221;60px&#8221; backgroundrepeat=&#8221;no-repeat&#8221; backgroundposition=&#8221;center top&#8221; backgroundattachment=&#8221;scroll&#8221; backgroundsize=&#8221;auto&#8221; textcolor=&#8221;light&#8221; parallax=&#8221;no&#8221; parallax_speed=&#8221;1&#8243; visibility=&#8221;mt-visible-all&#8221; backgroundimage=&#8221;2768&#8243;][vc_column width=&#8221;1\/3&#8243;][\/vc_column][vc_column width=&#8221;1\/3&#8243;][\/vc_column][vc_column width=&#8221;1\/3&#8243;][\/vc_column][\/vc_row][vc_row section=&#8221;yes&#8221; sectionwidth=&#8221;centered&#8221; [&hellip;]<\/p>\n","protected":false},"author":6,"featured_media":0,"parent":0,"menu_order":0,"comment_status":"open","ping_status":"open","template":"template-sections.php","meta":[],"yoast_head":"<!-- This site is optimized with the Yoast SEO plugin v15.0 - https:\/\/yoast.com\/wordpress\/plugins\/seo\/ -->\n<title>Blog \u00fcber Umz\u00fcge \u2022 123Przeproawdzki<\/title>\n<meta name=\"description\" content=\"Herzlich willkomen auf 123Przeprowadzki-Blog. Hier finden Sie Ratschl\u00e4ge und Hinweise bez\u00fcglich Umz\u00fcge, sowie Fotos und Erfahrungen aus unseren Reisen.\" \/>\n<meta name=\"robots\" content=\"index, follow, max-snippet:-1, max-image-preview:large, max-video-preview:-1\" \/>\n<link rel=\"canonical\" href=\"https:\/\/www.123przeprowadzki.pl\/de\/blog\" \/>\n<meta property=\"og:locale\" content=\"de_DE\" \/>\n<meta property=\"og:type\" content=\"article\" \/>\n<meta property=\"og:title\" content=\"Blog \u00fcber Umz\u00fcge \u2022 123Przeproawdzki\" \/>\n<meta property=\"og:description\" content=\"Herzlich willkomen auf 123Przeprowadzki-Blog. Hier finden Sie Ratschl\u00e4ge und Hinweise bez\u00fcglich Umz\u00fcge, sowie Fotos und Erfahrungen aus unseren Reisen.\" \/>\n<meta property=\"og:url\" content=\"https:\/\/www.123przeprowadzki.pl\/de\/blog\" \/>\n<meta property=\"og:site_name\" content=\"123Przeprowadzki\" \/>\n<meta property=\"article:publisher\" content=\"https:\/\/www.facebook.com\/123przeprowadzki\" \/>\n<meta property=\"article:modified_time\" content=\"2015-06-21T20:57:28+00:00\" \/>\n<script type=\"application\/ld+json\" class=\"yoast-schema-graph\">{\"@context\":\"https:\/\/schema.org\",\"@graph\":[{\"@type\":\"WebSite\",\"@id\":\"https:\/\/www.123przeprowadzki.pl\/de\/#website\",\"url\":\"https:\/\/www.123przeprowadzki.pl\/de\/\",\"name\":\"123Przeprowadzki\",\"description\":\"\",\"potentialAction\":[{\"@type\":\"SearchAction\",\"target\":\"https:\/\/www.123przeprowadzki.pl\/de\/?s={search_term_string}\",\"query-input\":\"required name=search_term_string\"}],\"inLanguage\":\"de\"},{\"@type\":\"WebPage\",\"@id\":\"https:\/\/www.123przeprowadzki.pl\/de\/blog#webpage\",\"url\":\"https:\/\/www.123przeprowadzki.pl\/de\/blog\",\"name\":\"Blog \\u00fcber Umz\\u00fcge \\u2022 123Przeproawdzki\",\"isPartOf\":{\"@id\":\"https:\/\/www.123przeprowadzki.pl\/de\/#website\"},\"datePublished\":\"2015-03-21T20:36:13+00:00\",\"dateModified\":\"2015-06-21T20:57:28+00:00\",\"description\":\"Herzlich willkomen auf 123Przeprowadzki-Blog. Hier finden Sie Ratschl\\u00e4ge und Hinweise bez\\u00fcglich Umz\\u00fcge, sowie Fotos und Erfahrungen aus unseren Reisen.\",\"inLanguage\":\"de\",\"potentialAction\":[{\"@type\":\"ReadAction\",\"target\":[\"https:\/\/www.123przeprowadzki.pl\/de\/blog\"]}]}]}<\/script>\n<!-- \/ Yoast SEO plugin. -->","_links":{"self":[{"href":"https:\/\/www.123przeprowadzki.pl\/de\/wp-json\/wp\/v2\/pages\/3045"}],"collection":[{"href":"https:\/\/www.123przeprowadzki.pl\/de\/wp-json\/wp\/v2\/pages"}],"about":[{"href":"https:\/\/www.123przeprowadzki.pl\/de\/wp-json\/wp\/v2\/types\/page"}],"author":[{"embeddable":true,"href":"https:\/\/www.123przeprowadzki.pl\/de\/wp-json\/wp\/v2\/users\/6"}],"replies":[{"embeddable":true,"href":"https:\/\/www.123przeprowadzki.pl\/de\/wp-json\/wp\/v2\/comments?post=3045"}],"version-history":[{"count":1,"href":"https:\/\/www.123przeprowadzki.pl\/de\/wp-json\/wp\/v2\/pages\/3045\/revisions"}],"predecessor-version":[{"id":3046,"href":"https:\/\/www.123przeprowadzki.pl\/de\/wp-json\/wp\/v2\/pages\/3045\/revisions\/3046"}],"wp:attachment":[{"href":"https:\/\/www.123przeprowadzki.pl\/de\/wp-json\/wp\/v2\/media?parent=3045"}],"curies":[{"name":"wp","href":"https:\/\/api.w.org\/{rel}","templated":true}]}}