{"id":3042,"date":"2015-03-21T21:30:06","date_gmt":"2015-03-21T20:30:06","guid":{"rendered":"http:\/\/www.123przeprowadzki.pl\/?page_id=3042"},"modified":"2015-06-21T23:04:09","modified_gmt":"2015-06-21T21:04:09","slug":"lagerung","status":"publish","type":"page","link":"https:\/\/www.123przeprowadzki.pl\/de\/lagerung","title":{"rendered":"Lagerung"},"content":{"rendered":"<p>[vc_row section=&#8221;yes&#8221; sectionwidth=&#8221;centered&#8221; paddingtop=&#8221;120px&#8221; paddingbottom=&#8221;90px&#8221; backgroundimage=&#8221;2898&#8243; backgroundrepeat=&#8221;no-repeat&#8221; backgroundposition=&#8221;center center&#8221; backgroundattachment=&#8221;scroll&#8221; backgroundsize=&#8221;cover&#8221; textcolor=&#8221;default&#8221; parallax=&#8221;no&#8221; parallax_speed=&#8221;1&#8243; visibility=&#8221;mt-visible-all&#8221;][vc_column width=&#8221;1\/3&#8243;]<div class=\"service-wrapper service-icon-box clearfix\"><div class=\"service yes-margin \"><div class=\"service-icon\"><i class=\"fa fa-home\"><\/i><\/div><h4>Zug\u00e4nglichkeit<\/h4>Das Lager ist unser Eigentum und ist nur zu unserer Verf\u00fcgung. Wir garantieren Ihnen die Bedienung des Lagers und den laufenden Zugang zu den dort aufbewahrten Sachen.<br \/>\n<\/div><\/div>[\/vc_column][vc_column width=&#8221;1\/3&#8243;]<div class=\"service-wrapper service-icon-box clearfix\"><div class=\"service yes-margin \"><div class=\"service-icon\"><i class=\"fa fa-thumbs-up\"><\/i><\/div><h4>Konkurrenzpreise<\/h4>Wir bieten Ihnen die Lagerungsdienstleistung zu einem einmaligen Konkurrenzpreis an. Wenn Sie unsere Dienstleistungen nutzen, haben Sie dar\u00fcber hinaus Zugang zu komplexer Bedienung.<br \/>\n<\/div><\/div>[\/vc_column][vc_column width=&#8221;1\/3&#8243;]<div class=\"service-wrapper service-icon-box clearfix\"><div class=\"service yes-margin \"><div class=\"service-icon\"><i class=\"fa fa-lock\"><\/i><\/div><h4>Sicherheit<\/h4>Unser Lager ist ein geschlossenes, trockenes und sauberes Objekt. Ihre Sachen werden in einem Geb\u00e4ude mit fortgeschrittenem Alarmsystem sicher aufbewahrt.<br \/>\n<\/div><\/div>[\/vc_column][\/vc_row][vc_row section=&#8221;yes&#8221; sectionwidth=&#8221;centered&#8221; paddingtop=&#8221;30px&#8221; paddingbottom=&#8221;30px&#8221; backgroundrepeat=&#8221;repeat&#8221; backgroundposition=&#8221;left top&#8221; backgroundattachment=&#8221;scroll&#8221; backgroundsize=&#8221;auto&#8221; textcolor=&#8221;default&#8221; parallax=&#8221;no&#8221; parallax_speed=&#8221;1&#8243;][vc_column width=&#8221;1\/1&#8243;]<div class=\"line-header text-left\"><h1>Lagerung<\/h1><span class=\"header-sep\"><\/span><\/div>[vc_row_inner][vc_column_inner width=&#8221;1\/2&#8243;]<div class=\"line-header text-left\"><h2>Lagerung f\u00fcr eine unbefristete Zeitspanne!<\/h2><span class=\"header-sep\"><\/span><\/div>[vc_column_text]\n<p style=\"text-align: justify;\">Als eine professionelle Umzugsfirma m\u00f6chten wir Ihnen einen komplexen Lagerungsservice anbieten. Wir bieten eine lang- und kurzfristige Lagerung sowohl f\u00fcr Firmen als auch f\u00fcr Privatkunden an.<\/p>\n<p style=\"text-align: justify;\">Lagerung, d.h. Besitzaufbewahrung in sicheren Bedingungen ist eine ideale L\u00f6sung des Problems, das mit der Besitzsicherung in folgenden Situationen verbunden ist:<\/p>\n<ul>\n<li>Renovierung,<\/li>\n<li>Erwartung auf eine neue Wohnung oder ein neues B\u00fcro,<\/li>\n<li>Arbeitsaufnehmen im Ausland oder in einer anderen Stadt,<\/li>\n<li>Platzmangel in der Wohnung oder im Keller,<\/li>\n<li>Umz\u00fcge,<\/li>\n<li>Unerwartete K\u00fcndigung des Wohnung- oder B\u00fcromietsvertrags.<\/li>\n<\/ul>\n<p style=\"text-align: justify;\">Zu Ihrer Verf\u00fcgung stellen wir Ihnen eine professionell vorbereitete Lagerhalle samt Bedienung. Im Rahmen der von der Firma <strong>123Przeprowadzki<\/strong> zu erbringenden Dienstleistungen k\u00f6nnen wir auch die Abholung der Sachen vom Kunden und den Transport in unser Lager, M\u00f6beltransporte aus dem Lager zum Kunden (in ganz Europa), sowie professionelle Sicherung der aufbewahrten Gegenst\u00e4nde mit Hilfe unserer Schutzmaterialien anbieten. Das von uns genutzte Lager ist unser Eigentum und ist nur zu unserer Verf\u00fcgung. Ihre Gute wird st\u00e4ndig bewacht und im trockenen und sauberen Raum aufbewahrt. Das Objekt ist mit einem fortgeschrittenen Alarmsystem gesichert.<\/p>\n[\/vc_column_text][\/vc_column_inner][vc_column_inner width=&#8221;1\/2&#8243;]<div class=\"line-header text-left\"><h2>Kontakt-Formular<\/h2><span class=\"header-sep\"><\/span><\/div>[vc_column_text]\n<p style=\"text-align: justify;\">Unser Service im Bereich der Lagerung wird Ihnen zur Verf\u00fcgung gestellt, wir wollen\u00a0Ihnen in allen Lagerproblemen mit Tat und Rat zur Seite stehen!<\/p>\n[\/vc_column_text][vc_column_text]<link rel='stylesheet' id='formidable-css'  href='https:\/\/www.123przeprowadzki.pl\/wp-content\/plugins\/formidable\/css\/formidableforms.css?ver=4251033' type='text\/css' media='all' \/>\n<div class=\"frm_forms  with_frm_style frm_style_formidable-style\" id=\"frm_form_11_container\" >\n<form enctype=\"multipart\/form-data\" method=\"post\" class=\"frm-show-form  frm_pro_form  frm_ajax_submit \" id=\"form_contact32\"  >\n<div class=\"frm_form_fields \">\n<fieldset>\n\r\n<div class=\"frm_fields_container\">\n<input type=\"hidden\" name=\"frm_action\" value=\"create\" \/>\n<input type=\"hidden\" name=\"form_id\" value=\"11\" \/>\n<input type=\"hidden\" name=\"frm_hide_fields_11\" id=\"frm_hide_fields_11\" value=\"\" \/>\n<input type=\"hidden\" name=\"form_key\" value=\"contact32\" \/>\n<input type=\"hidden\" name=\"item_meta[0]\" value=\"\" \/>\n<input type=\"hidden\" id=\"frm_submit_entry_11\" name=\"frm_submit_entry_11\" value=\"81172e09e9\" \/><input type=\"hidden\" name=\"_wp_http_referer\" value=\"\/de\/wp-json\/wp\/v2\/pages\/3042\" \/><div id=\"frm_field_146_container\" class=\"frm_form_field form-field  frm_required_field frm_top_container frm_first_half\">\r\n    <label for=\"field_t1u15x2\" class=\"frm_primary_label\">Ihr Name\r\n        <span class=\"frm_required\">*<\/span>\r\n    <\/label>\r\n    <input type=\"text\" id=\"field_t1u15x2\" name=\"item_meta[146]\" value=\"\"  data-reqmsg=\"This field cannot be blank.\" aria-required=\"true\" data-invmsg=\"Ihr Name ist ung\u00fcltig\" aria-invalid=\"false\"  \/>\r\n    \r\n    \r\n<\/div>\n<div id=\"frm_field_147_container\" class=\"frm_form_field form-field  frm_required_field frm_top_container frm_last_half\">\r\n    <label for=\"field_f1pwvn2\" class=\"frm_primary_label\">Telefon\r\n        <span class=\"frm_required\">*<\/span>\r\n    <\/label>\r\n    <input type=\"text\" id=\"field_f1pwvn2\" name=\"item_meta[147]\" value=\"\"  data-reqmsg=\"To pole nie mo\u017ce zosta\u0107 puste.\" aria-required=\"true\" data-invmsg=\"Telefon ist ung\u00fcltig\" aria-invalid=\"false\"  \/>\r\n    \r\n    \r\n<\/div>\n<div id=\"frm_field_148_container\" class=\"frm_form_field form-field  frm_required_field frm_top_container frm_full\">\r\n    <label for=\"field_29yf4d32\" class=\"frm_primary_label\">Ihre E-Mail-Adresse\r\n        <span class=\"frm_required\">*<\/span>\r\n    <\/label>\r\n    <input type=\"email\" id=\"field_29yf4d32\" name=\"item_meta[148]\" value=\"\"  data-reqmsg=\"This field cannot be blank.\" aria-required=\"true\" data-invmsg=\"Please enter a valid email address\" aria-invalid=\"false\"  \/>\r\n    \r\n    \r\n<\/div>\n<div id=\"frm_field_149_container\" class=\"frm_form_field form-field  frm_required_field frm_top_container frm_full\">\r\n    <label for=\"field_9jv0r132\" class=\"frm_primary_label\">Geben Sie hier Ihre Nachricht ein\r\n        <span class=\"frm_required\">*<\/span>\r\n    <\/label>\r\n    <textarea name=\"item_meta[149]\" id=\"field_9jv0r132\" rows=\"5\"  data-reqmsg=\"This field cannot be blank.\" aria-required=\"true\" data-invmsg=\"Geben Sie hier Ihre Nachricht ein ist ung\u00fcltig\" aria-invalid=\"false\"  ><\/textarea>\r\n    \r\n    \r\n<\/div>\n<div id=\"frm_field_150_container\" class=\"frm_form_field form-field  frm_none_container\">\r\n    <label for=\"g-recaptcha-response\" class=\"frm_primary_label\">Captcha\r\n        <span class=\"frm_required\"><\/span>\r\n    <\/label>\r\n    <div id=\"field_62n6q332\" class=\"frm-g-recaptcha\" data-sitekey=\"6LfG8wATAAAAAIQuxCFfXq2basbjQtGOuNpQAjBg\" data-size=\"normal\" data-theme=\"light\"><\/div>\r\n    \r\n    \r\n<\/div>\n\t<input type=\"hidden\" name=\"item_key\" value=\"\" \/>\n\t<input name=\"frm_state\" type=\"hidden\" value=\"C76qARWkSjHa5K2hjaRkBQEKmz4u3X\/uHxBt41p3H54=\" \/><div class=\"frm_submit\">\r\n\r\n<input type=\"submit\" value=\"Senden\"  class=\"frm_final_submit\" formnovalidate=\"formnovalidate\" \/>\r\n<img class=\"frm_ajax_loading\" src=\"https:\/\/www.123przeprowadzki.pl\/wp-content\/plugins\/formidable\/images\/ajax_loader.gif\" alt=\"Sending\" style=\"visibility:hidden;\" \/>\r\n\r\n<\/div><\/div>\n<\/fieldset>\n<\/div>\n<\/form>\n<\/div>\n[\/vc_column_text][\/vc_column_inner][\/vc_row_inner][\/vc_column][\/vc_row][vc_row section=&#8221;yes&#8221; sectionwidth=&#8221;centered&#8221; paddingtop=&#8221;10px&#8221; paddingbottom=&#8221;80px&#8221; backgroundrepeat=&#8221;repeat&#8221; backgroundposition=&#8221;left top&#8221; backgroundattachment=&#8221;scroll&#8221; backgroundsize=&#8221;auto&#8221; textcolor=&#8221;default&#8221; parallax=&#8221;no&#8221; parallax_speed=&#8221;1&#8243;][vc_column width=&#8221;1\/1&#8243;]<div class=\"line-header text-left\"><h2>Warum lohnt es sich Ihr Gut bei uns einzulagern?<\/h2><span class=\"header-sep\"><\/span><\/div>[vc_column_text]\n<ul>\n<li style=\"text-align: justify;\">Die Lagerhalle ist unser Eigentum und steht nur unserer Firma zur Verf\u00fcgung,<\/li>\n<li style=\"text-align: justify;\">Ihr Hab und Gut wird ununterbrochen \u00fcberwacht, es ist bei uns sicher,<\/li>\n<li style=\"text-align: justify;\">Unsere Lagerfl\u00e4che ist sauber, trocken, gut zug\u00e4nglich und abgesichert, der Lagerraum ist abgeschlossen,<\/li>\n<li style=\"text-align: justify;\">Unser Lagerraum ist mit einer Alarmanlage und entsprechenden\u00a0 Sicherheitsanlagen ausgestattet.<\/li>\n<\/ul>\n[\/vc_column_text]<div class=\"line-header text-left\"><h2>Nicht nur Lagerung<\/h2><span class=\"header-sep\"><\/span><\/div>[vc_column_text]<strong>123Przeprowadzki<\/strong> bietet Ihnen zahlreiche mit dem R\u00fcbertragen der Gute verbundenen Dienstleistungen an. Au\u00dfer Lagerung finden Sie in unserem Angebot Umz\u00fcge von Firmen und B\u00fcros, Umz\u00fcge von H\u00e4usern und Wohnungen,\u00a0<b>sowie einen Packshop, wo Kartons und Verpackungsmaterial verkauft werden.<\/b>[\/vc_column_text][\/vc_column][\/vc_row][vc_row][vc_column width=&#8221;1\/3&#8243; css=&#8221;.vc_custom_1418767923783{padding-right: 0px !important;padding-left: 0px !important;}&#8221;]<div class=\"mt_link mt_color_reverse\"><a href=\"\/de\/firmenumzug\" target=\"_self\" style=\"padding-top: 40px; padding-bottom: 40px;\">Firmenumz\u00fcge \u2192<\/a><\/div>[\/vc_column][vc_column width=&#8221;1\/3&#8243; css=&#8221;.vc_custom_1418768335815{padding-right: 0px !important;padding-left: 0px !important;}&#8221;]<div class=\"mt_link mt_color_standard\"><a href=\"\/de\/privatumzuge\" target=\"_self\" style=\"padding-top: 40px; padding-bottom: 40px;\">Privatumz\u00fcge \u2192<\/a><\/div>[\/vc_column][vc_column width=&#8221;1\/3&#8243; css=&#8221;.vc_custom_1418768374017{padding-right: 0px !important;padding-left: 0px !important;}&#8221;]<div class=\"mt_link mt_color_reverse\"><a href=\"\/de\/lagerung\" target=\"_self\" style=\"padding-top: 40px; padding-bottom: 40px;\">Umzugsmaterial kaufen \u2192<\/a><\/div>[\/vc_column][\/vc_row][vc_row][vc_column width=&#8221;1\/1&#8243;][vc_empty_space height=&#8221;40px&#8221;][\/vc_column][\/vc_row][vc_row][vc_column width=&#8221;1\/1&#8243; css=&#8221;.vc_custom_1418858050397{padding-right: 0px !important;padding-left: 0px !important;}&#8221;]<div class=\"mt_link mt_color_standard\"><a href=\"\/de\/kontakt\" target=\"_self\" style=\"padding-top: 40px; padding-bottom: 40px;\">Kontaktieren Sie uns! \u2192<\/a><\/div>[\/vc_column][\/vc_row]<\/p>\n","protected":false},"excerpt":{"rendered":"<p>[vc_row section=&#8221;yes&#8221; sectionwidth=&#8221;centered&#8221; paddingtop=&#8221;120px&#8221; paddingbottom=&#8221;90px&#8221; backgroundimage=&#8221;2898&#8243; backgroundrepeat=&#8221;no-repeat&#8221; backgroundposition=&#8221;center center&#8221; backgroundattachment=&#8221;scroll&#8221; backgroundsize=&#8221;cover&#8221; textcolor=&#8221;default&#8221; parallax=&#8221;no&#8221; parallax_speed=&#8221;1&#8243; visibility=&#8221;mt-visible-all&#8221;][vc_column width=&#8221;1\/3&#8243;][\/vc_column][vc_column width=&#8221;1\/3&#8243;][\/vc_column][vc_column width=&#8221;1\/3&#8243;][\/vc_column][\/vc_row][vc_row section=&#8221;yes&#8221; sectionwidth=&#8221;centered&#8221; [&hellip;]<\/p>\n","protected":false},"author":6,"featured_media":0,"parent":0,"menu_order":0,"comment_status":"open","ping_status":"open","template":"template-sections.php","meta":[],"yoast_head":"<!-- This site is optimized with the Yoast SEO plugin v15.0 - https:\/\/yoast.com\/wordpress\/plugins\/seo\/ -->\n<title>Lagerung \u2022 123Przeprowadzki \u2022 123Umzuege<\/title>\n<meta name=\"description\" content=\"Wir bieten komplexe Lagerungservices sowohl f\u00fcr Firmen als auch f\u00fcr Privatkunden an. Unser Lager ist trocken und sicher.\" \/>\n<meta name=\"robots\" content=\"index, follow, max-snippet:-1, max-image-preview:large, max-video-preview:-1\" \/>\n<link rel=\"canonical\" href=\"https:\/\/www.123przeprowadzki.pl\/de\/lagerung\" \/>\n<meta property=\"og:locale\" content=\"de_DE\" \/>\n<meta property=\"og:type\" content=\"article\" \/>\n<meta property=\"og:title\" content=\"Lagerung \u2022 123Przeprowadzki \u2022 123Umzuege\" \/>\n<meta property=\"og:description\" content=\"Wir bieten komplexe Lagerungservices sowohl f\u00fcr Firmen als auch f\u00fcr Privatkunden an. Unser Lager ist trocken und sicher.\" \/>\n<meta property=\"og:url\" content=\"https:\/\/www.123przeprowadzki.pl\/de\/lagerung\" \/>\n<meta property=\"og:site_name\" content=\"123Przeprowadzki\" \/>\n<meta property=\"article:publisher\" content=\"https:\/\/www.facebook.com\/123przeprowadzki\" \/>\n<meta property=\"article:modified_time\" content=\"2015-06-21T21:04:09+00:00\" \/>\n<script type=\"application\/ld+json\" class=\"yoast-schema-graph\">{\"@context\":\"https:\/\/schema.org\",\"@graph\":[{\"@type\":\"WebSite\",\"@id\":\"https:\/\/www.123przeprowadzki.pl\/de\/#website\",\"url\":\"https:\/\/www.123przeprowadzki.pl\/de\/\",\"name\":\"123Przeprowadzki\",\"description\":\"\",\"potentialAction\":[{\"@type\":\"SearchAction\",\"target\":\"https:\/\/www.123przeprowadzki.pl\/de\/?s={search_term_string}\",\"query-input\":\"required name=search_term_string\"}],\"inLanguage\":\"de\"},{\"@type\":\"WebPage\",\"@id\":\"https:\/\/www.123przeprowadzki.pl\/de\/lagerung#webpage\",\"url\":\"https:\/\/www.123przeprowadzki.pl\/de\/lagerung\",\"name\":\"Lagerung \\u2022 123Przeprowadzki \\u2022 123Umzuege\",\"isPartOf\":{\"@id\":\"https:\/\/www.123przeprowadzki.pl\/de\/#website\"},\"datePublished\":\"2015-03-21T20:30:06+00:00\",\"dateModified\":\"2015-06-21T21:04:09+00:00\",\"description\":\"Wir bieten komplexe Lagerungservices sowohl f\\u00fcr Firmen als auch f\\u00fcr Privatkunden an. Unser Lager ist trocken und sicher.\",\"inLanguage\":\"de\",\"potentialAction\":[{\"@type\":\"ReadAction\",\"target\":[\"https:\/\/www.123przeprowadzki.pl\/de\/lagerung\"]}]}]}<\/script>\n<!-- \/ Yoast SEO plugin. -->","_links":{"self":[{"href":"https:\/\/www.123przeprowadzki.pl\/de\/wp-json\/wp\/v2\/pages\/3042"}],"collection":[{"href":"https:\/\/www.123przeprowadzki.pl\/de\/wp-json\/wp\/v2\/pages"}],"about":[{"href":"https:\/\/www.123przeprowadzki.pl\/de\/wp-json\/wp\/v2\/types\/page"}],"author":[{"embeddable":true,"href":"https:\/\/www.123przeprowadzki.pl\/de\/wp-json\/wp\/v2\/users\/6"}],"replies":[{"embeddable":true,"href":"https:\/\/www.123przeprowadzki.pl\/de\/wp-json\/wp\/v2\/comments?post=3042"}],"version-history":[{"count":12,"href":"https:\/\/www.123przeprowadzki.pl\/de\/wp-json\/wp\/v2\/pages\/3042\/revisions"}],"predecessor-version":[{"id":3203,"href":"https:\/\/www.123przeprowadzki.pl\/de\/wp-json\/wp\/v2\/pages\/3042\/revisions\/3203"}],"wp:attachment":[{"href":"https:\/\/www.123przeprowadzki.pl\/de\/wp-json\/wp\/v2\/media?parent=3042"}],"curies":[{"name":"wp","href":"https:\/\/api.w.org\/{rel}","templated":true}]}}