{"id":3028,"date":"2015-03-21T20:39:37","date_gmt":"2015-03-21T19:39:37","guid":{"rendered":"http:\/\/www.123przeprowadzki.pl\/?page_id=3028"},"modified":"2015-06-21T22:57:10","modified_gmt":"2015-06-21T20:57:10","slug":"firmenumzug","status":"publish","type":"page","link":"https:\/\/www.123przeprowadzki.pl\/de\/firmenumzug","title":{"rendered":"Firmenumzug"},"content":{"rendered":"<p>[vc_row section=&#8221;yes&#8221; sectionwidth=&#8221;centered&#8221; paddingtop=&#8221;120px&#8221; paddingbottom=&#8221;90px&#8221; backgroundimage=&#8221;2349&#8243; backgroundrepeat=&#8221;no-repeat&#8221; backgroundposition=&#8221;center center&#8221; backgroundattachment=&#8221;scroll&#8221; backgroundsize=&#8221;cover&#8221; textcolor=&#8221;default&#8221; parallax=&#8221;no&#8221; parallax_speed=&#8221;1&#8243;][vc_column width=&#8221;1\/3&#8243;]<div class=\"service-wrapper service-icon-box clearfix\"><div class=\"service yes-margin \"><div class=\"service-icon\"><i class=\"fa fa-rocket\"><\/i><\/div><h4>Schnelle<\/h4>Wir wissen, wie wichtig f\u00fcr Sie die ununterbrochene Besch\u00e4ftigung ist. Aus diesem Grund bem\u00fchen wir uns, unsere Aufgabe schnell und auf eine f\u00fcr Ihre t\u00e4glichen Pflichten friedliche Art und Weise durchzuf\u00fchren. Sie k\u00f6nnen auch auf unsere Unterst\u00fctzung bei der Umzugsplanung rechnen.<br \/>\n<\/div><\/div>[\/vc_column][vc_column width=&#8221;1\/3&#8243;]<div class=\"service-wrapper service-icon-box clearfix\"><div class=\"service yes-margin \"><div class=\"service-icon\"><i class=\"fa fa-lock\"><\/i><\/div><h4>Sicherheit<\/h4>Wenn Sie die Dienstleistungen von 123Przeprowadzki nutzen, k\u00f6nnen Sie \u00fcberzeugt sein, dass alle M\u00f6bel, Ger\u00e4te und Dokumente sicher sind. Unsere Mitarbeiter bereiten die zu transportierenden Gegenst\u00e4nde f\u00fcr den Weg und sorgen f\u00fcr ihre Sicherheit. <\/div><\/div>[\/vc_column][vc_column width=&#8221;1\/3&#8243;]<div class=\"service-wrapper service-icon-box clearfix\"><div class=\"service yes-margin \"><div class=\"service-icon\"><i class=\"fa fa-thumbs-o-up\"><\/i><\/div><h4>Zuverl\u00e4ssigkeit<\/h4>Unsere Firma bietet ein breites Spektrum von Dienstleistungen an, die wir nach h\u00f6chsten Standards erbringen. Wir legen den gr\u00f6\u00dften Wert auf die Zufriedenheit der Kunden, deswegen k\u00f6nnen Sie im Rahmen von unseren Dienstleistungen immer auf eine komplexe Bedienung rechnen. <\/div><\/div>[\/vc_column][\/vc_row][vc_row section=&#8221;yes&#8221; sectionwidth=&#8221;centered&#8221; paddingtop=&#8221;30px&#8221; paddingbottom=&#8221;80px&#8221; backgroundrepeat=&#8221;repeat&#8221; backgroundposition=&#8221;left top&#8221; backgroundattachment=&#8221;scroll&#8221; backgroundsize=&#8221;auto&#8221; textcolor=&#8221;default&#8221; parallax=&#8221;no&#8221; parallax_speed=&#8221;1&#8243;][vc_column width=&#8221;1\/1&#8243;]<div class=\"line-header text-left\"><h1>Firmenumzug<\/h1><span class=\"header-sep\"><\/span><\/div>[vc_row_inner][vc_column_inner width=&#8221;1\/2&#8243;]<div class=\"line-header text-left\"><h2>Komplex B\u00fcroumz\u00fcge <\/h2><span class=\"header-sep\"><\/span><\/div>[vc_column_text]\n<p style=\"text-align: justify;\">Firma <strong>123Przeprowadzki<\/strong> bietet auch komplexe Umz\u00fcge f\u00fcr Firmen, B\u00fcros und Institutionen an. Unabh\u00e4ngig von der Auftragsgr\u00f6\u00dfe handeln unsere Mitarbeiter immer anstandslos und professionell.<\/p>\n<p style=\"text-align: justify;\">Wenn Sie uns einen solchen Bedarf anmelden, stellen wir Ihnen Materialien zur Verf\u00fcgung, die Sie beim Umzug gut gebrauchen k\u00f6nnen:<\/p>\n<ul style=\"text-align: justify;\">\n<li><strong>Selbstklebende Etiketten<\/strong>, um M\u00f6bel, Kartons und PCs zu bezeichnen,<\/li>\n<li><strong>Verpackungskartons<\/strong> (werden einige Tage vor dem Umzug geliefert),<\/li>\n<li><strong>Kunststoffcontainer.<\/strong><\/li>\n<\/ul>\n<p style=\"text-align: justify;\">Auf unserer mehrj\u00e4hrigen Erfahrung basierend, helfen wir Ihnen, Ihre Firma an den B\u00fcroumzug vorzubereiten so, dass es ununterbrochen funktionieren kann oder dass die Pause so kurz, wie m\u00f6glich ist.<\/p>\n[\/vc_column_text][\/vc_column_inner][vc_column_inner width=&#8221;1\/2&#8243;]<div class=\"line-header text-left\"><h2>Unsere Kunden<\/h2><span class=\"header-sep\"><\/span><\/div><div class=\"clients-grid-wrapper clearfix\"><div class=\"clients-grid columns3\"><div class=\"client-grid-item\" id=\"client-grid-item-3028-1\"><div class=\"client-grid-inner\"><img src=\"https:\/\/www.123przeprowadzki.pl\/wp-content\/uploads\/2014\/12\/strabag.png\" alt=\"\" title=\"\" \/><\/div><\/div><div class=\"client-grid-item\" id=\"client-grid-item-3028-2\"><div class=\"client-grid-inner\"><img src=\"https:\/\/www.123przeprowadzki.pl\/wp-content\/uploads\/2014\/12\/vw.png\" alt=\"\" title=\"\" \/><\/div><\/div><div class=\"client-grid-item\" id=\"client-grid-item-3028-3\"><div class=\"client-grid-inner\"><img src=\"https:\/\/www.123przeprowadzki.pl\/wp-content\/uploads\/2014\/12\/deloitte.png\" alt=\"\" title=\"\" \/><\/div><\/div><div class=\"client-grid-item\" id=\"client-grid-item-3028-4\"><div class=\"client-grid-inner\"><img src=\"https:\/\/www.123przeprowadzki.pl\/wp-content\/uploads\/2014\/12\/allegro.png\" alt=\"\" title=\"\" \/><\/div><\/div><div class=\"client-grid-item\" id=\"client-grid-item-3028-5\"><div class=\"client-grid-inner\"><img src=\"https:\/\/www.123przeprowadzki.pl\/wp-content\/uploads\/2014\/12\/HM.png\" alt=\"\" title=\"\" \/><\/div><\/div><div class=\"client-grid-item\" id=\"client-grid-item-3028-6\"><div class=\"client-grid-inner\"><img src=\"https:\/\/www.123przeprowadzki.pl\/wp-content\/uploads\/2014\/12\/piraciki.png\" alt=\"\" title=\"\" \/><\/div><\/div><\/div><\/div>[\/vc_column_inner][\/vc_row_inner][vc_row_inner][vc_column_inner width=&#8221;1\/2&#8243;]<img src=\"https:\/\/www.123przeprowadzki.pl\/wp-content\/uploads\/2014\/12\/przeprowadzki-biur.jpg\" class=\" alignnone\" data-anim-type=\"fadeIn\" \/>[\/vc_column_inner][vc_column_inner width=&#8221;1\/2&#8243;]<div class=\"line-header text-left\"><h2>Professionelle Firmenumz\u00fcge<\/h2><span class=\"header-sep\"><\/span><\/div>[vc_column_text]\n<p style=\"text-align: justify;\">Uns haben bereits Hunderte Firmen und Institutionen, sowie Tausende individuelle Kunden vertraut. Unsere langj\u00e4hrige Erfahrung ist Erfolgsgarantie f\u00fcr den Umzug Ihrer Firma.<\/p>\n<p style=\"text-align: justify;\">Dar\u00fcber hinaus bieten wir die Lagerungsdienstleistung an; dadurch brauchen Sie sich keine Sorgen zu machen, wo die im Moment nicht genutzte M\u00f6bel, Ger\u00e4te oder Dokumente aufzubewahren sind. In unserem Angebot finden Sie auch:<\/p>\n<ul>\n<li>Montage neuer M\u00f6bel im B\u00fcro,<\/li>\n<li>Demontage\/ Montage von Schr\u00e4nken, Schreibtischen und anderen M\u00f6beln,<\/li>\n<li>Verkauf von Kartons f\u00fcr Dokumentenarchivierung, sowie f\u00fcr andere Zwecke,<\/li>\n<li>Verpackung und Sicherung der Firmengute,<\/li>\n<li>R\u00fcbertragen der Sachen von nicht standardm\u00e4\u00dfigen Massen, z.B. Tresore, Geldschr\u00e4nke, Plotters, Mehrzweckger\u00e4te, Klaviere, Medizinger\u00e4te etc.<\/li>\n<\/ul>\n<p><strong>123Przeprowadzki<\/strong> ist spezialisiert in:<\/p>\n<ul>\n<li>Umz\u00fcgen von Institutionen, Banken und \u00c4mtern,<\/li>\n<li>Umz\u00fcgen von Schulen, Hochschulen und Kinderg\u00e4rten,<\/li>\n<li>Umz\u00fcgen von B\u00fcros und Firmen,<\/li>\n<li>Umz\u00fcgen von Lagern und Archiven,<\/li>\n<li>Umz\u00fcgen der Firmenmitarbeiter.<\/li>\n<\/ul>\n[\/vc_column_text][\/vc_column_inner][\/vc_row_inner][\/vc_column][\/vc_row][vc_row][vc_column width=&#8221;1\/3&#8243; css=&#8221;.vc_custom_1418686651404{padding-right: 0px !important;padding-left: 0px !important;}&#8221;]<div class=\"mt_link mt_color_standard\"><a href=\"\/de\/lagerung\" target=\"_self\" style=\"padding-top: 40px; padding-bottom: 40px;\">Lagerung \u2192<\/a><\/div>[\/vc_column][vc_column width=&#8221;1\/3&#8243; css=&#8221;.vc_custom_1418686661579{padding-right: 0px !important;padding-left: 0px !important;}&#8221;]<div class=\"mt_link mt_color_reverse\"><a href=\"\/de\/referenzen\" target=\"_self\" style=\"padding-top: 40px; padding-bottom: 40px;\">Referenzen \u2192<\/a><\/div>[\/vc_column][vc_column width=&#8221;1\/3&#8243; css=&#8221;.vc_custom_1418686684576{padding-right: 0px !important;padding-left: 0px !important;}&#8221;]<div class=\"mt_link mt_color_standard\"><a href=\"\/de\/kontakt\" target=\"_self\" style=\"padding-top: 40px; padding-bottom: 40px;\">Kontaktieren Sie uns! \u2192<\/a><\/div>[\/vc_column][\/vc_row]<\/p>\n","protected":false},"excerpt":{"rendered":"<p>[vc_row section=&#8221;yes&#8221; sectionwidth=&#8221;centered&#8221; paddingtop=&#8221;120px&#8221; paddingbottom=&#8221;90px&#8221; backgroundimage=&#8221;2349&#8243; backgroundrepeat=&#8221;no-repeat&#8221; backgroundposition=&#8221;center center&#8221; backgroundattachment=&#8221;scroll&#8221; backgroundsize=&#8221;cover&#8221; textcolor=&#8221;default&#8221; parallax=&#8221;no&#8221; parallax_speed=&#8221;1&#8243;][vc_column width=&#8221;1\/3&#8243;][\/vc_column][vc_column width=&#8221;1\/3&#8243;][\/vc_column][vc_column width=&#8221;1\/3&#8243;][\/vc_column][\/vc_row][vc_row section=&#8221;yes&#8221; sectionwidth=&#8221;centered&#8221; paddingtop=&#8221;30px&#8221; [&hellip;]<\/p>\n","protected":false},"author":6,"featured_media":0,"parent":0,"menu_order":0,"comment_status":"open","ping_status":"open","template":"template-sections.php","meta":[],"yoast_head":"<!-- This site is optimized with the Yoast SEO plugin v15.0 - https:\/\/yoast.com\/wordpress\/plugins\/seo\/ -->\n<title>Um\u00fczge f\u00fcr Firmen und B\u00fcros \u2022 123Przeprowadzki<\/title>\n<meta name=\"description\" content=\"Profesionelle und sichere Umzg\u00fce f\u00fcr Firmen.123Przeprowadzki vorbereitet Ihre Firma an den B\u00fcroumzug so, dass es ununterbrochen funktionieren kann.\" \/>\n<meta name=\"robots\" content=\"index, follow, max-snippet:-1, max-image-preview:large, max-video-preview:-1\" \/>\n<link rel=\"canonical\" href=\"https:\/\/www.123przeprowadzki.pl\/de\/firmenumzug\" \/>\n<meta property=\"og:locale\" content=\"de_DE\" \/>\n<meta property=\"og:type\" content=\"article\" \/>\n<meta property=\"og:title\" content=\"Um\u00fczge f\u00fcr Firmen und B\u00fcros \u2022 123Przeprowadzki\" \/>\n<meta property=\"og:description\" content=\"Profesionelle und sichere Umzg\u00fce f\u00fcr Firmen.123Przeprowadzki vorbereitet Ihre Firma an den B\u00fcroumzug so, dass es ununterbrochen funktionieren kann.\" \/>\n<meta property=\"og:url\" content=\"https:\/\/www.123przeprowadzki.pl\/de\/firmenumzug\" \/>\n<meta property=\"og:site_name\" content=\"123Przeprowadzki\" \/>\n<meta property=\"article:publisher\" content=\"https:\/\/www.facebook.com\/123przeprowadzki\" \/>\n<meta property=\"article:modified_time\" content=\"2015-06-21T20:57:10+00:00\" \/>\n<script type=\"application\/ld+json\" class=\"yoast-schema-graph\">{\"@context\":\"https:\/\/schema.org\",\"@graph\":[{\"@type\":\"WebSite\",\"@id\":\"https:\/\/www.123przeprowadzki.pl\/de\/#website\",\"url\":\"https:\/\/www.123przeprowadzki.pl\/de\/\",\"name\":\"123Przeprowadzki\",\"description\":\"\",\"potentialAction\":[{\"@type\":\"SearchAction\",\"target\":\"https:\/\/www.123przeprowadzki.pl\/de\/?s={search_term_string}\",\"query-input\":\"required name=search_term_string\"}],\"inLanguage\":\"de\"},{\"@type\":\"WebPage\",\"@id\":\"https:\/\/www.123przeprowadzki.pl\/de\/firmenumzug#webpage\",\"url\":\"https:\/\/www.123przeprowadzki.pl\/de\/firmenumzug\",\"name\":\"Um\\u00fczge f\\u00fcr Firmen und B\\u00fcros \\u2022 123Przeprowadzki\",\"isPartOf\":{\"@id\":\"https:\/\/www.123przeprowadzki.pl\/de\/#website\"},\"datePublished\":\"2015-03-21T19:39:37+00:00\",\"dateModified\":\"2015-06-21T20:57:10+00:00\",\"description\":\"Profesionelle und sichere Umzg\\u00fce f\\u00fcr Firmen.123Przeprowadzki vorbereitet Ihre Firma an den B\\u00fcroumzug so, dass es ununterbrochen funktionieren kann.\",\"inLanguage\":\"de\",\"potentialAction\":[{\"@type\":\"ReadAction\",\"target\":[\"https:\/\/www.123przeprowadzki.pl\/de\/firmenumzug\"]}]}]}<\/script>\n<!-- \/ Yoast SEO plugin. -->","_links":{"self":[{"href":"https:\/\/www.123przeprowadzki.pl\/de\/wp-json\/wp\/v2\/pages\/3028"}],"collection":[{"href":"https:\/\/www.123przeprowadzki.pl\/de\/wp-json\/wp\/v2\/pages"}],"about":[{"href":"https:\/\/www.123przeprowadzki.pl\/de\/wp-json\/wp\/v2\/types\/page"}],"author":[{"embeddable":true,"href":"https:\/\/www.123przeprowadzki.pl\/de\/wp-json\/wp\/v2\/users\/6"}],"replies":[{"embeddable":true,"href":"https:\/\/www.123przeprowadzki.pl\/de\/wp-json\/wp\/v2\/comments?post=3028"}],"version-history":[{"count":8,"href":"https:\/\/www.123przeprowadzki.pl\/de\/wp-json\/wp\/v2\/pages\/3028\/revisions"}],"predecessor-version":[{"id":3202,"href":"https:\/\/www.123przeprowadzki.pl\/de\/wp-json\/wp\/v2\/pages\/3028\/revisions\/3202"}],"wp:attachment":[{"href":"https:\/\/www.123przeprowadzki.pl\/de\/wp-json\/wp\/v2\/media?parent=3028"}],"curies":[{"name":"wp","href":"https:\/\/api.w.org\/{rel}","templated":true}]}}