{"id":3023,"date":"2015-03-21T15:44:31","date_gmt":"2015-03-21T14:44:31","guid":{"rendered":"http:\/\/www.123przeprowadzki.pl\/?page_id=3023"},"modified":"2015-06-21T23:03:41","modified_gmt":"2015-06-21T21:03:41","slug":"internationale-umzuge","status":"publish","type":"page","link":"https:\/\/www.123przeprowadzki.pl\/de\/internationale-umzuge","title":{"rendered":"Internationale Umz\u00fcge"},"content":{"rendered":"<p>[vc_row section=&#8221;yes&#8221; sectionwidth=&#8221;centered&#8221; paddingtop=&#8221;120px&#8221; paddingbottom=&#8221;90px&#8221; backgroundimage=&#8221;2469&#8243; backgroundrepeat=&#8221;no-repeat&#8221; backgroundposition=&#8221;center center&#8221; backgroundattachment=&#8221;scroll&#8221; backgroundsize=&#8221;cover&#8221; textcolor=&#8221;default&#8221; parallax=&#8221;no&#8221; parallax_speed=&#8221;1&#8243;][vc_column width=&#8221;1\/3&#8243;]<div class=\"service-wrapper service-icon-box clearfix\"><div class=\"service yes-margin \"><div class=\"service-icon\"><i class=\"fa fa-road\"><\/i><\/div><h4>Moderne Flotte<\/h4>Wir besitzen moderne Fahrzeugsflotte, mit der wir sichere und termingerechte Transporte Ihrer Sachen garantieren. Unsere Autos erf\u00fcllen alle Normen bez\u00fcglich Abgasemissionen.<\/div><\/div>[\/vc_column][vc_column width=&#8221;1\/3&#8243;]<div class=\"service-wrapper service-icon-box clearfix\"><div class=\"service yes-margin \"><div class=\"service-icon\"><i class=\"fa fa-picture-o\"><\/i><\/div><h4>Ganz Europa<\/h4>Firma \u201e123Przeprowadzki\u201d bieten Umzugsdienstleistungen in ganz Europa an. Unsere Autos transportierten bereits Sachen nach und aus abgelegensten Ecken des Kontinents.<br \/>\n<\/div><\/div>[\/vc_column][vc_column width=&#8221;1\/3&#8243;]<div class=\"service-wrapper service-icon-box clearfix\"><div class=\"service yes-margin \"><div class=\"service-icon\"><i class=\"fa fa-money\"><\/i><\/div><h4>Konkurrenzf\u00e4hige Preise<\/h4>Unsere Dienstleistungen bieten wir Ihnen zu sehr konkurrenzf\u00e4higen Preisen an. Dar\u00fcber hinaus sind die Verrechnungen mit unserer Firma sowohl in PLN als auch in EURO m\u00f6glich.<br \/>\n<\/div><\/div>[\/vc_column][\/vc_row][vc_row section=&#8221;yes&#8221; sectionwidth=&#8221;centered&#8221; paddingtop=&#8221;30px&#8221; paddingbottom=&#8221;20px&#8221; backgroundrepeat=&#8221;repeat&#8221; backgroundposition=&#8221;left top&#8221; backgroundattachment=&#8221;scroll&#8221; backgroundsize=&#8221;auto&#8221; textcolor=&#8221;default&#8221; parallax=&#8221;no&#8221; parallax_speed=&#8221;1&#8243; visibility=&#8221;mt-visible-all&#8221;][vc_column width=&#8221;1\/1&#8243;]<div class=\"line-header text-left\"><h1>Internationale Umz\u00fcge<\/h1><span class=\"header-sep\"><\/span><\/div>[vc_row_inner][vc_column_inner width=&#8221;1\/2&#8243;]<div class=\"line-header text-left\"><h2>Umzug ins Ausland<\/h2><span class=\"header-sep\"><\/span><\/div>[vc_column_text]\n<p style=\"text-align: justify;\"><strong>123Przeprowadzki<\/strong> realisiert internationale Umz\u00fcge in ganz Europa. In unserem Angebot haben wir ein breites Spektrum von den mit der internationalen Bef\u00f6rderung verbundenen Dienstleistungen. Internationale Umz\u00fcge realisieren wir sowohl f\u00fcr Firmen als auch f\u00fcr individuelle Kunden.<\/p>\n<p style=\"text-align: justify;\">Wir haben mehrj\u00e4hrige Erfahrung in der Durchf\u00fchrung internationaler Umz\u00fcge; wir besch\u00e4ftigen uns damit seit dem Anfang unserer T\u00e4tigkeit. Wir bieten eine komplexe Bedienung des Umzugs an, die einen vollen Service an der Be- und Entladungsstelle oder nur den Transport zu dem von Ihnen hingewiesenen Standort umfasst.<\/p>\n<p style=\"text-align: justify;\">Unsere Flotte besteht aus umweltfreundlichen Autos von verschiedenen Massen, mit denen sowohl kleine als auch gro\u00dfe Umz\u00fcge m\u00f6glich sind, auch in L\u00e4ndern von h\u00f6heren als in Polen Verunreinigungsnormen.<\/p>\n<p style=\"text-align: justify;\">Wenn Sie unsere Dienstleistungen nutzen, k\u00f6nnen Sie sicher sein, dass wir uns entsprechend um die Sicherheit der transportierten Gute k\u00fcmmern. Jeden Auftrag realisieren wir ausschlie\u00dflich mit gepr\u00fcftem und versichertem Transport, der alle erforderten Regime f\u00fcr internationale Transporte erf\u00fcllt.<\/p>\n[\/vc_column_text][\/vc_column_inner][vc_column_inner width=&#8221;1\/2&#8243; css=&#8221;.vc_custom_1419373570635{margin-top: 0px !important;border-top-width: 0px !important;padding-top: 0px !important;}&#8221;]<div class=\"line-header text-left\"><h2>Umzugsservices in ganz Europa<\/h2><span class=\"header-sep\"><\/span><\/div><img src=\"https:\/\/www.123przeprowadzki.pl\/wp-content\/uploads\/2014\/12\/karton_palma.jpg\" class=\" aligncenter\" alt=\"Internationale Umz\u00fcge\" data-anim-type=\"fadeIn\" \/>[\/vc_column_inner][\/vc_row_inner][\/vc_column][\/vc_row][vc_row section=&#8221;yes&#8221; sectionwidth=&#8221;centered&#8221; paddingtop=&#8221;20px&#8221; paddingbottom=&#8221;30px&#8221; backgroundrepeat=&#8221;repeat&#8221; backgroundposition=&#8221;left top&#8221; backgroundattachment=&#8221;scroll&#8221; backgroundsize=&#8221;auto&#8221; textcolor=&#8221;default&#8221; parallax=&#8221;no&#8221; parallax_speed=&#8221;1&#8243; visibility=&#8221;mt-visible-all&#8221;][vc_column width=&#8221;1\/2&#8243;]<img src=\"https:\/\/www.123przeprowadzki.pl\/wp-content\/uploads\/2014\/12\/Przeprowadzki-za-granic\u0119.jpg\" class=\" alignnone\" alt=\"Umzug ins Ausland\" data-anim-type=\"fadeIn\" \/>[\/vc_column][vc_column width=&#8221;1\/2&#8243;]<div class=\"line-header text-left\"><h2>Alles gut geplant!<\/h2><span class=\"header-sep\"><\/span><\/div>[vc_column_text]\n<p style=\"text-align: justify;\">Alle unseren internationalen Umz\u00fcge werden von einem individuellen Koordinator aus unserer Firma geplant und betreut, den Sie zu jeder Zeit kontaktieren k\u00f6nnen. Dieser Koordinator spricht Englisch und Deutsch und hilft Ihnen, jedes mit dem Umzug verbundene Problem l\u00f6sen.<\/p>\n<p style=\"text-align: justify;\">Zu Ihrer Verf\u00fcgung stellen wir auch ein Team von professionellen Mitarbeitern, die langj\u00e4hrige Erfahrung in internationalen Umz\u00fcgen haben. Abh\u00e4ngig von Ihren Erwartungen bieten wir einen vollen Umzugsservice an\u2013 Verpackung der Sachen aus der ganzen Wohnung, Sicherung der M\u00f6bel, sowie der Radio\/Fernsehen- und Haushaltger\u00e4te, M\u00f6beldemontage\/ Montage, Beladung, Transport, Entladung, Auspacken der Gute \u2013 auch am Bestimmungsort.<\/p>\n<p style=\"text-align: justify;\">Wenn Sie unsere Dienstleistungen nutzen, k\u00f6nnen Sie sicher sein, dass wir uns entsprechend um die Sicherheit der transportierten Gute k\u00fcmmern. Jeden Auftrag realisieren wir ausschlie\u00dflich mit gepr\u00fcftem und versichertem Transport, der alle erforderten Regime f\u00fcr internationale Transporte erf\u00fcllt.<\/p>\n[\/vc_column_text][\/vc_column][\/vc_row][vc_row section=&#8221;yes&#8221; sectionwidth=&#8221;centered&#8221; paddingtop=&#8221;20px&#8221; paddingbottom=&#8221;20px&#8221; backgroundrepeat=&#8221;repeat&#8221; backgroundposition=&#8221;left top&#8221; backgroundattachment=&#8221;scroll&#8221; backgroundsize=&#8221;auto&#8221; textcolor=&#8221;default&#8221; parallax=&#8221;no&#8221; parallax_speed=&#8221;1&#8243; visibility=&#8221;mt-visible-all&#8221;][vc_column width=&#8221;1\/1&#8243;]<div class=\"line-header text-left\"><h2>Umsiedlungsgute <\/h2><span class=\"header-sep\"><\/span><\/div>[vc_column_text]\n<p style=\"text-align: justify;\">Wir sind auch in s.g. Umsiedlungsumz\u00fcgen in die Schweiz und nach Norwegen, d.h. in die L\u00e4nder, die keine EU-Mitgliedstaaten sind, spezialisiert.<\/p>\n<p style=\"text-align: justify;\"><strong>Mit der Umsiedlungsgute sind zus\u00e4tzliche Formalit\u00e4ten verbunden<\/strong>; wir helfen, denen nachzukommen. Wir bereiten alle mit Zoll verbundenen Dokumente und Formalit\u00e4ten vor und \u00fcbernehmen unentbehrliche Zollabfertigungen.<\/p>\n[\/vc_column_text][\/vc_column][\/vc_row][vc_row section=&#8221;yes&#8221; sectionwidth=&#8221;centered&#8221; paddingtop=&#8221;20px&#8221; paddingbottom=&#8221;20px&#8221; backgroundrepeat=&#8221;repeat&#8221; backgroundposition=&#8221;left top&#8221; backgroundattachment=&#8221;scroll&#8221; backgroundsize=&#8221;auto&#8221; textcolor=&#8221;default&#8221; parallax=&#8221;no&#8221; parallax_speed=&#8221;1&#8243; visibility=&#8221;mt-visible-all&#8221;][vc_column width=&#8221;1\/2&#8243;]<div class=\"line-header text-left\"><h2>Umz\u00fcge in ein anderes Land?<\/h2><span class=\"header-sep\"><\/span><\/div>[vc_column_text]\n<p style=\"text-align: justify;\">In der langj\u00e4hrigen Geschichte unserer Firma haben wir Kunden in die abgelegensten Ecken unseres Kontinents umgezogen. Unter den popul\u00e4rsten Richtungen sind:<\/p>\n<ul>\n<li>Umz\u00fcge nach Deutschland,<\/li>\n<li>Umz\u00fcge nach England,<\/li>\n<li>Umz\u00fcge nach Frankreich,<\/li>\n<li>Umz\u00fcge nach Schweden,<\/li>\n<li>Umz\u00fcge nach Holland,<\/li>\n<li>Umz\u00fcge nach Spanien.<\/li>\n<\/ul>\n<p style=\"text-align: justify;\">Unabh\u00e4ngig davon, wohin Sie umziehen m\u00f6chten, wird die Firma <strong>123Przeprowadzki<\/strong> imstande sein, Ihnen zu helfen.<\/p>\n<p style=\"text-align: justify;\">Dar\u00fcber hinaus <strong>bieten wir auch die Dienstleistung der Lagerung an<\/strong>, die sich als besonders brauchbar erweisen kann, wenn Ihr Auslandsaufenthalt nur eine gewisse Zeit dauern soll oder wenn Sie eine gewisse Zeit brauchen, um die Sachen zwischen Ihrer Abreise an den Umzugsort und der Lieferung Ihrer Gute dorthin zu ordnen.<\/p>\n[\/vc_column_text]<div class=\"mt_link mt_color_standard\"><a href=\"\/de\/lagerung\" target=\"_self\" style=\"padding-top: 20px; padding-bottom: 20px;\">Lagerung \u2192<\/a><\/div>[\/vc_column][vc_column width=&#8221;1\/2&#8243;]<div class=\"line-header text-left\"><h2>Internationale Umz\u00fcge<\/h2><span class=\"header-sep\"><\/span><\/div><img src=\"https:\/\/www.123przeprowadzki.pl\/wp-content\/uploads\/2014\/12\/Przeprowadzki-na-terenie-Europy-e1419420799333.jpg\" class=\" alignleft\" alt=\"Przeprowadzki na terenie Europy\" data-anim-type=\"fadeIn\" \/>[\/vc_column][\/vc_row][vc_row][vc_column width=&#8221;1\/1&#8243; css=&#8221;.vc_custom_1419421265832{padding-right: 0px !important;padding-left: 0px !important;}&#8221;]<div class=\"mt_link mt_color_standard\"><a href=\"\/de\/kontakt\" target=\"_self\" style=\"padding-top: 40px; padding-bottom: 40px;\">Kontaktieren Sie uns \u2192<\/a><\/div>[\/vc_column][\/vc_row]<\/p>\n","protected":false},"excerpt":{"rendered":"<p>[vc_row section=&#8221;yes&#8221; sectionwidth=&#8221;centered&#8221; paddingtop=&#8221;120px&#8221; paddingbottom=&#8221;90px&#8221; backgroundimage=&#8221;2469&#8243; backgroundrepeat=&#8221;no-repeat&#8221; backgroundposition=&#8221;center center&#8221; backgroundattachment=&#8221;scroll&#8221; backgroundsize=&#8221;cover&#8221; textcolor=&#8221;default&#8221; parallax=&#8221;no&#8221; parallax_speed=&#8221;1&#8243;][vc_column width=&#8221;1\/3&#8243;][\/vc_column][vc_column width=&#8221;1\/3&#8243;][\/vc_column][vc_column width=&#8221;1\/3&#8243;][\/vc_column][\/vc_row][vc_row section=&#8221;yes&#8221; sectionwidth=&#8221;centered&#8221; paddingtop=&#8221;30px&#8221; [&hellip;]<\/p>\n","protected":false},"author":6,"featured_media":0,"parent":0,"menu_order":0,"comment_status":"open","ping_status":"open","template":"template-sections.php","meta":[],"yoast_head":"<!-- This site is optimized with the Yoast SEO plugin v15.0 - https:\/\/yoast.com\/wordpress\/plugins\/seo\/ -->\n<title>Internationale Umz\u00fcge \u2022 123Przeprowadzki \u2022<\/title>\n<meta name=\"description\" content=\"Internationale Umz\u00fcge f\u00fcr Privatkunden und Firmen.123Przeprowadzki garantiert Sicherheit und gute Preise.\" \/>\n<meta name=\"robots\" content=\"index, follow, max-snippet:-1, max-image-preview:large, max-video-preview:-1\" \/>\n<link rel=\"canonical\" href=\"https:\/\/www.123przeprowadzki.pl\/de\/internationale-umzuge\" \/>\n<meta property=\"og:locale\" content=\"de_DE\" \/>\n<meta property=\"og:type\" content=\"article\" \/>\n<meta property=\"og:title\" content=\"Internationale Umz\u00fcge \u2022 123Przeprowadzki \u2022\" \/>\n<meta property=\"og:description\" content=\"Internationale Umz\u00fcge f\u00fcr Privatkunden und Firmen.123Przeprowadzki garantiert Sicherheit und gute Preise.\" \/>\n<meta property=\"og:url\" content=\"https:\/\/www.123przeprowadzki.pl\/de\/internationale-umzuge\" \/>\n<meta property=\"og:site_name\" content=\"123Przeprowadzki\" \/>\n<meta property=\"article:publisher\" content=\"https:\/\/www.facebook.com\/123przeprowadzki\" \/>\n<meta property=\"article:modified_time\" content=\"2015-06-21T21:03:41+00:00\" \/>\n<script type=\"application\/ld+json\" class=\"yoast-schema-graph\">{\"@context\":\"https:\/\/schema.org\",\"@graph\":[{\"@type\":\"WebSite\",\"@id\":\"https:\/\/www.123przeprowadzki.pl\/de\/#website\",\"url\":\"https:\/\/www.123przeprowadzki.pl\/de\/\",\"name\":\"123Przeprowadzki\",\"description\":\"\",\"potentialAction\":[{\"@type\":\"SearchAction\",\"target\":\"https:\/\/www.123przeprowadzki.pl\/de\/?s={search_term_string}\",\"query-input\":\"required name=search_term_string\"}],\"inLanguage\":\"de\"},{\"@type\":\"WebPage\",\"@id\":\"https:\/\/www.123przeprowadzki.pl\/de\/internationale-umzuge#webpage\",\"url\":\"https:\/\/www.123przeprowadzki.pl\/de\/internationale-umzuge\",\"name\":\"Internationale Umz\\u00fcge \\u2022 123Przeprowadzki \\u2022\",\"isPartOf\":{\"@id\":\"https:\/\/www.123przeprowadzki.pl\/de\/#website\"},\"datePublished\":\"2015-03-21T14:44:31+00:00\",\"dateModified\":\"2015-06-21T21:03:41+00:00\",\"description\":\"Internationale Umz\\u00fcge f\\u00fcr Privatkunden und Firmen.123Przeprowadzki garantiert Sicherheit und gute Preise.\",\"inLanguage\":\"de\",\"potentialAction\":[{\"@type\":\"ReadAction\",\"target\":[\"https:\/\/www.123przeprowadzki.pl\/de\/internationale-umzuge\"]}]}]}<\/script>\n<!-- \/ Yoast SEO plugin. -->","_links":{"self":[{"href":"https:\/\/www.123przeprowadzki.pl\/de\/wp-json\/wp\/v2\/pages\/3023"}],"collection":[{"href":"https:\/\/www.123przeprowadzki.pl\/de\/wp-json\/wp\/v2\/pages"}],"about":[{"href":"https:\/\/www.123przeprowadzki.pl\/de\/wp-json\/wp\/v2\/types\/page"}],"author":[{"embeddable":true,"href":"https:\/\/www.123przeprowadzki.pl\/de\/wp-json\/wp\/v2\/users\/6"}],"replies":[{"embeddable":true,"href":"https:\/\/www.123przeprowadzki.pl\/de\/wp-json\/wp\/v2\/comments?post=3023"}],"version-history":[{"count":10,"href":"https:\/\/www.123przeprowadzki.pl\/de\/wp-json\/wp\/v2\/pages\/3023\/revisions"}],"predecessor-version":[{"id":3206,"href":"https:\/\/www.123przeprowadzki.pl\/de\/wp-json\/wp\/v2\/pages\/3023\/revisions\/3206"}],"wp:attachment":[{"href":"https:\/\/www.123przeprowadzki.pl\/de\/wp-json\/wp\/v2\/media?parent=3023"}],"curies":[{"name":"wp","href":"https:\/\/api.w.org\/{rel}","templated":true}]}}