{"id":3020,"date":"2015-03-21T15:24:44","date_gmt":"2015-03-21T14:24:44","guid":{"rendered":"http:\/\/www.123przeprowadzki.pl\/?page_id=3020"},"modified":"2015-06-21T23:05:24","modified_gmt":"2015-06-21T21:05:24","slug":"privatumzuge","status":"publish","type":"page","link":"https:\/\/www.123przeprowadzki.pl\/de\/privatumzuge","title":{"rendered":"Privatumz\u00fcge"},"content":{"rendered":"<p>[vc_row section=&#8221;yes&#8221; sectionwidth=&#8221;centered&#8221; paddingtop=&#8221;120px&#8221; paddingbottom=&#8221;90px&#8221; backgroundrepeat=&#8221;no-repeat&#8221; backgroundposition=&#8221;center center&#8221; backgroundattachment=&#8221;scroll&#8221; backgroundsize=&#8221;cover&#8221; textcolor=&#8221;default&#8221; parallax=&#8221;no&#8221; parallax_speed=&#8221;1&#8243; backgroundimage=&#8221;2432&#8243;][vc_column width=&#8221;1\/3&#8243;]<div class=\"service-wrapper service-icon-box clearfix\"><div class=\"service yes-margin \"><div class=\"service-icon\"><i class=\"fa fa-heart\"><\/i><\/div><h4>Sicherheit<\/h4>Um die Sicherheit Ihrer Gute w\u00e4hrend des Umzugs k\u00fcmmern sich unsere erfahrenen Mitarbeiter. M\u00f6bel werden gesch\u00fctzt und mit gr\u00f6\u00dfter Sorgfalt transportiert. <\/div><\/div>[\/vc_column][vc_column width=&#8221;1\/3&#8243;]<div class=\"service-wrapper service-icon-box clearfix\"><div class=\"service yes-margin \"><div class=\"service-icon\"><i class=\"fa fa-lightbulb-o\"><\/i><\/div><h4>Preis<\/h4>Wir bieten Ihnen sehr konkurrenzf\u00e4hige finanzielle Konditionen an. Unsere Preise beziehen sich auf Stundenarbeit, wir k\u00f6nnen aber auch eine fertige Kostensch\u00e4tzung Ihres Umzugs vorbereiten.<br \/>\n<\/div><\/div>[\/vc_column][vc_column width=&#8221;1\/3&#8243;]<div class=\"service-wrapper service-icon-box clearfix\"><div class=\"service yes-margin \"><div class=\"service-icon\"><i class=\"fa fa-gift\"><\/i><\/div><h4>Leistungen<\/h4>Wir bieten Ihnen eine komplexe und volle Dienstleistung an. Unsere Mitarbeiter k\u00f6nnen den Umzug planen, Ihre Gute sichern und Ihre M\u00f6bel am hingewiesenen Standort hinstellen.<br \/>\n<\/div><\/div>[\/vc_column][\/vc_row][vc_row section=&#8221;yes&#8221; sectionwidth=&#8221;centered&#8221; paddingtop=&#8221;30px&#8221; paddingbottom=&#8221;30px&#8221; backgroundrepeat=&#8221;repeat&#8221; backgroundposition=&#8221;left top&#8221; backgroundattachment=&#8221;scroll&#8221; backgroundsize=&#8221;auto&#8221; textcolor=&#8221;default&#8221; parallax=&#8221;no&#8221; parallax_speed=&#8221;1&#8243;][vc_column width=&#8221;1\/1&#8243;]<div class=\"line-header text-left\"><h1>Privatumz\u00fcge<\/h1><span class=\"header-sep\"><\/span><\/div>[vc_row_inner][vc_column_inner width=&#8221;1\/2&#8243;]<div class=\"line-header text-left\"><h2>Umz\u00fcge von Wohnungen und H\u00e4usern<\/h2><span class=\"header-sep\"><\/span><\/div>[vc_column_text]\n<p style=\"text-align: justify;\"><strong>123Przeprowadzki<\/strong> bietet Ihnen komplexe und professionelle Umz\u00fcge von Wohnungen und H\u00e4usern an. Unsere Dienstleistung ist strikte an Ihre Bed\u00fcrfnisse und Erwartungen angepasst. Wir realisieren Umz\u00fcge in Geb\u00e4uden sowohl mit als auch ohne Fahrstuhl, sowie in Abstellr\u00e4umen.<\/p>\n<p style=\"text-align: justify;\">Wir garantieren Ihnen die Bedienung des Umzugs auf dem h\u00f6chsten Niveau, sowie sehr g\u00fcnstige finanzielle Konditionen. Dar\u00fcber hinaus werden die transportierten Gegenst\u00e4nde sorgf\u00e4ltig gesichert. Wir k\u00fcmmern uns auch um die Versicherung Ihrer Gute.<\/p>\n<p style=\"text-align: justify;\">Wir bieten an:<\/p>\n<ul>\n<li><a href=\"\/przeprowadzki-poznan\">Umz\u00fcge in ganz Posen<\/a>,<\/li>\n<li>Umz\u00fcge im ganzen Land,<\/li>\n<li><a href=\"\/de\/internationale-umzuge\">Internationale Umz\u00fcge<\/a>,<\/li>\n<\/ul>\n<p>sowie:<\/p>\n<ul>\n<li><a href=\"\/de\/lagerung\">Lagerung<\/a>,<\/li>\n<li><a href=\"\/de\/firmenumzug\">Umz\u00fcge von Firmen<\/a>.<\/li>\n<\/ul>\n<p style=\"text-align: justify;\">F\u00fcr die Zeit des Umzugs stellen wir unseren Kunden Kunststoffcontainer zum Transport von Radio-und TV-Ger\u00e4ten, kleinen Haushaltger\u00e4ten und Blumen zur Verf\u00fcgung. Wir leihen auch Kartons, die wir sogar eine Woche zuvor liefern k\u00f6nnen. Auf Wunsch bieten wir auch Demontage und wiederholte Montage der M\u00f6bel an.<\/p>\n<p style=\"text-align: justify;\">F\u00fcr diejenigen von Ihnen, die bevorzugen, selbst umzuziehen, bieten wir an:<\/p>\n<ul>\n<li style=\"text-align: justify;\">Fachliche Hilfe seitens unserer Mitarbeiter, z.B. nur bei Beladung, Entladung und Herunterbringen des Klaviers,<\/li>\n<li style=\"text-align: justify;\">M\u00f6glichkeit, f\u00fcr den Umzug ein Auto nur mit Fahrer zu bestellen.<\/li>\n<\/ul>\n[\/vc_column_text][\/vc_column_inner][vc_column_inner width=&#8221;1\/2&#8243;]<div class=\"line-header text-left\"><h2>Wohnungsumz\u00fcge<\/h2><span class=\"header-sep\"><\/span><\/div><img src=\"https:\/\/www.123przeprowadzki.pl\/wp-content\/uploads\/2014\/12\/przeprowadzka-domu.jpg\" class=\" aligncenter\" title=\"Przeprowadzka Mieszkania\" alt=\"Przeprowadzka Mieszkania\" data-anim-type=\"fadeIn\" \/>[\/vc_column_inner][\/vc_row_inner][\/vc_column][\/vc_row][vc_row section=&#8221;yes&#8221; sectionwidth=&#8221;centered&#8221; paddingtop=&#8221;30px&#8221; paddingbottom=&#8221;80px&#8221; backgroundrepeat=&#8221;repeat&#8221; backgroundposition=&#8221;left top&#8221; backgroundattachment=&#8221;scroll&#8221; backgroundsize=&#8221;auto&#8221; textcolor=&#8221;default&#8221; parallax=&#8221;no&#8221; parallax_speed=&#8221;1&#8243;][vc_column width=&#8221;1\/1&#8243;]<div class=\"line-header text-left\"><h2>Wie soll Man sich auf den Umzug vorbereiten?<\/h2><span class=\"header-sep\"><\/span><\/div>[vc_column_text]\n<p style=\"text-align: justify;\">Um die Umzugszeit und das mit dem Umzug verbundene Stressniveau aufs Minimum zu reduzieren, soll man sich gr\u00fcndlich vorbereiten. Im Folgenden pr\u00e4sentieren wir Ihnen einige Hinweise, die sich \u2013 wie wir hoffen \u2013 als brauchbar zeigen werden:<\/p>\n<ul>\n<li>Reserviere ein Umzugsteam f\u00fcr einen konkreten Tag und konkrete Uhrzeit, am besten so fr\u00fch zuvor, wie es nur geht,<\/li>\n<li>Beschaffe Kartons und die f\u00fcr die Umzugsgute notwendigen Verpackungen,<\/li>\n<li>Umzug ist eine gute Chance, gr\u00fcndliche Ordnung zu machen und unbrauchbare Sachen auszusortieren,<\/li>\n<li>Wenn Du den Termin Deines Umzugs wei\u00dft, reserviere bei Deinem Arbeitgeber Urlaub, f\u00fcr diesen Zeitraum,<\/li>\n<li>Denke an die Kinderbetreuung f\u00fcr die Zeit des Umzugs. Am besten w\u00e4re, wenn die Kinder w\u00e4hrend des Umzugs nicht da sind \u2013 es spart Ihnen zus\u00e4tzlichen Stress,<\/li>\n<li>Informiere die Hausverwaltung \u00fcber den geplanten Umzug,<\/li>\n<li>Reserviere einen Parkplatz f\u00fcr den LKW unserer Firma, m\u00f6glichst dicht am Umzugsort,<\/li>\n<li>Denke an die Abmeldung aus der Wohnung, sowie an andere mit der \u00c4nderung des festen Wohnorts verbundenen Formalit\u00e4ten (Post, Personalausweis, Pass, Auto, Kabelfernsehen, F\u00fchrerschein, Fahrzeugschein, Bank, B\u00fcro, Telefon),<\/li>\n<li>Vor dem Umzug denke an die Rufnummernmitnahme,<\/li>\n<li>Informiere Deine Familie und Bekannten \u00fcber die \u00c4nderung Deiner Wohnadresse.<\/li>\n<\/ul>\n[\/vc_column_text][\/vc_column][\/vc_row][vc_row][vc_column width=&#8221;1\/1&#8243; css=&#8221;.vc_custom_1418857895135{padding-right: 0px !important;padding-left: 0px !important;}&#8221;]<div class=\"mt_link mt_color_standard\"><a href=\"\/de\/kontakt\" target=\"_self\" style=\"padding-top: 40px; padding-bottom: 40px;\">Kontaktieren Sie uns! \u2192<\/a><\/div>[\/vc_column][\/vc_row]<\/p>\n","protected":false},"excerpt":{"rendered":"<p>[vc_row section=&#8221;yes&#8221; sectionwidth=&#8221;centered&#8221; paddingtop=&#8221;120px&#8221; paddingbottom=&#8221;90px&#8221; backgroundrepeat=&#8221;no-repeat&#8221; backgroundposition=&#8221;center center&#8221; backgroundattachment=&#8221;scroll&#8221; backgroundsize=&#8221;cover&#8221; textcolor=&#8221;default&#8221; parallax=&#8221;no&#8221; parallax_speed=&#8221;1&#8243; backgroundimage=&#8221;2432&#8243;][vc_column width=&#8221;1\/3&#8243;][\/vc_column][vc_column width=&#8221;1\/3&#8243;][\/vc_column][vc_column width=&#8221;1\/3&#8243;][\/vc_column][\/vc_row][vc_row section=&#8221;yes&#8221; sectionwidth=&#8221;centered&#8221; paddingtop=&#8221;30px&#8221; [&hellip;]<\/p>\n","protected":false},"author":6,"featured_media":0,"parent":0,"menu_order":0,"comment_status":"open","ping_status":"open","template":"template-sections.php","meta":[],"yoast_head":"<!-- This site is optimized with the Yoast SEO plugin v15.0 - https:\/\/yoast.com\/wordpress\/plugins\/seo\/ -->\n<title>Umz\u00fcge von H\u00e4usern und Wohnungen \u2022 123Przeprowadzki<\/title>\n<meta name=\"description\" content=\"Wir bieten profesionelle and sichere Umzugsdienstleistungen von H\u00e4usern und Wohnungen an. Mit 123Przeprowadzki wird Ihr Umzug eine nette Erinnerung.\" \/>\n<meta name=\"robots\" content=\"index, follow, max-snippet:-1, max-image-preview:large, max-video-preview:-1\" \/>\n<link rel=\"canonical\" href=\"https:\/\/www.123przeprowadzki.pl\/de\/privatumzuge\" \/>\n<meta property=\"og:locale\" content=\"de_DE\" \/>\n<meta property=\"og:type\" content=\"article\" \/>\n<meta property=\"og:title\" content=\"Umz\u00fcge von H\u00e4usern und Wohnungen \u2022 123Przeprowadzki\" \/>\n<meta property=\"og:description\" content=\"Wir bieten profesionelle and sichere Umzugsdienstleistungen von H\u00e4usern und Wohnungen an. Mit 123Przeprowadzki wird Ihr Umzug eine nette Erinnerung.\" \/>\n<meta property=\"og:url\" content=\"https:\/\/www.123przeprowadzki.pl\/de\/privatumzuge\" \/>\n<meta property=\"og:site_name\" content=\"123Przeprowadzki\" \/>\n<meta property=\"article:publisher\" content=\"https:\/\/www.facebook.com\/123przeprowadzki\" \/>\n<meta property=\"article:modified_time\" content=\"2015-06-21T21:05:24+00:00\" \/>\n<script type=\"application\/ld+json\" class=\"yoast-schema-graph\">{\"@context\":\"https:\/\/schema.org\",\"@graph\":[{\"@type\":\"WebSite\",\"@id\":\"https:\/\/www.123przeprowadzki.pl\/de\/#website\",\"url\":\"https:\/\/www.123przeprowadzki.pl\/de\/\",\"name\":\"123Przeprowadzki\",\"description\":\"\",\"potentialAction\":[{\"@type\":\"SearchAction\",\"target\":\"https:\/\/www.123przeprowadzki.pl\/de\/?s={search_term_string}\",\"query-input\":\"required name=search_term_string\"}],\"inLanguage\":\"de\"},{\"@type\":\"WebPage\",\"@id\":\"https:\/\/www.123przeprowadzki.pl\/de\/privatumzuge#webpage\",\"url\":\"https:\/\/www.123przeprowadzki.pl\/de\/privatumzuge\",\"name\":\"Umz\\u00fcge von H\\u00e4usern und Wohnungen \\u2022 123Przeprowadzki\",\"isPartOf\":{\"@id\":\"https:\/\/www.123przeprowadzki.pl\/de\/#website\"},\"datePublished\":\"2015-03-21T14:24:44+00:00\",\"dateModified\":\"2015-06-21T21:05:24+00:00\",\"description\":\"Wir bieten profesionelle and sichere Umzugsdienstleistungen von H\\u00e4usern und Wohnungen an. Mit 123Przeprowadzki wird Ihr Umzug eine nette Erinnerung.\",\"inLanguage\":\"de\",\"potentialAction\":[{\"@type\":\"ReadAction\",\"target\":[\"https:\/\/www.123przeprowadzki.pl\/de\/privatumzuge\"]}]}]}<\/script>\n<!-- \/ Yoast SEO plugin. -->","_links":{"self":[{"href":"https:\/\/www.123przeprowadzki.pl\/de\/wp-json\/wp\/v2\/pages\/3020"}],"collection":[{"href":"https:\/\/www.123przeprowadzki.pl\/de\/wp-json\/wp\/v2\/pages"}],"about":[{"href":"https:\/\/www.123przeprowadzki.pl\/de\/wp-json\/wp\/v2\/types\/page"}],"author":[{"embeddable":true,"href":"https:\/\/www.123przeprowadzki.pl\/de\/wp-json\/wp\/v2\/users\/6"}],"replies":[{"embeddable":true,"href":"https:\/\/www.123przeprowadzki.pl\/de\/wp-json\/wp\/v2\/comments?post=3020"}],"version-history":[{"count":9,"href":"https:\/\/www.123przeprowadzki.pl\/de\/wp-json\/wp\/v2\/pages\/3020\/revisions"}],"predecessor-version":[{"id":3200,"href":"https:\/\/www.123przeprowadzki.pl\/de\/wp-json\/wp\/v2\/pages\/3020\/revisions\/3200"}],"wp:attachment":[{"href":"https:\/\/www.123przeprowadzki.pl\/de\/wp-json\/wp\/v2\/media?parent=3020"}],"curies":[{"name":"wp","href":"https:\/\/api.w.org\/{rel}","templated":true}]}}